{"id":7455,"date":"2022-06-21T11:28:51","date_gmt":"2022-06-21T16:28:51","guid":{"rendered":"https:\/\/www.hsr.gob.pe\/?page_id=7455"},"modified":"2022-06-23T16:48:44","modified_gmt":"2022-06-23T21:48:44","slug":"anatomia-patologica-y-clinica","status":"publish","type":"page","link":"https:\/\/site.hsr.gob.pe\/?page_id=7455","title":{"rendered":"ANATOM\u00cdA PATOLOG\u00cdCA Y CL\u00cdNICA"},"content":{"rendered":"<div class=\"fusion-fullwidth fullwidth-box fusion-builder-row-1 fusion-flex-container nonhundred-percent-fullwidth non-hundred-percent-height-scrolling\" style=\"background-color: rgba(255,255,255,0);background-position: center center;background-repeat: no-repeat;border-width: 0px 0px 0px 0px;border-color:#eae9e9;border-style:solid;\" ><div class=\"fusion-builder-row fusion-row fusion-flex-align-items-flex-start\" style=\"max-width:1144px;margin-left: calc(-4% \/ 2 );margin-right: calc(-4% \/ 2 );\"><div class=\"fusion-layout-column fusion_builder_column fusion-builder-column-0 fusion_builder_column_2_3 2_3 fusion-flex-column\"><div class=\"fusion-column-wrapper fusion-flex-justify-content-flex-start fusion-content-layout-column\" style=\"background-position:left top;background-repeat:no-repeat;-webkit-background-size:cover;-moz-background-size:cover;-o-background-size:cover;background-size:cover;padding: 0px 0px 0px 0px;\"><div class=\"fusion-text fusion-text-1\" style=\"transform:translate3d(0,0,0);\"><h3 style=\"text-align: center;\"><span style=\"color: #3bafbf;\">ANATOM\u00cdA<\/span><strong><span style=\"color: #3bafbf;\">\u00a0PATOLOG\u00cdA Y CL\u00cdNICA<\/span><\/strong><\/h3>\n<\/div><div class=\"fusion-text fusion-text-2\" style=\"transform:translate3d(0,0,0);\"><p style=\"text-align: justify;\">El Departamento de Patolog\u00eda Cl\u00ednica y Anatom\u00eda Patol\u00f3gica del Hospital Santa Rosa, cuenta con profesionales altamente calificados y con amplia experiencia en la atenci\u00f3n de las diversas especialidades.<\/p>\n<\/div><div class=\"fusion-text fusion-text-3\" style=\"transform:translate3d(0,0,0);\"><h3 style=\"text-align: center;\"><strong><span style=\"color: #3bafbf;\">ESPECIALIDADES QUE BRINDAN<\/span><\/strong><\/h3>\n<\/div><div class=\"fusion-text fusion-text-4\" style=\"transform:translate3d(0,0,0);\"><ul>\n<li>Servicio de Patolog\u00eda Cl\u00ednica<\/li>\n<li>Servicio de Anatom\u00eda Patol\u00f3gica<\/li>\n<li>Servicio de Banco de Sangre<\/li>\n<\/ul>\n<\/div><style type=\"text\/css\">.fusion-accordian  #accordion-7455-1 .panel-title a .fa-fusion-box{ color: #ffffff;}.fusion-accordian  #accordion-7455-1 .panel-title a .fa-fusion-box:before{ font-size: 13px; width: 13px;}.fusion-accordian  #accordion-7455-1 .panel-title a{font-size:18px;}.fusion-accordian  #accordion-7455-1 .fa-fusion-box { background-color: #333333;border-color: #333333;}.fusion-accordian  #accordion-7455-1 .panel-title a:hover, #accordion-7455-1 .fusion-toggle-boxed-mode:hover .panel-title a { color: #3bafbf;}.fusion-accordian  #accordion-7455-1 .panel-title .active .fa-fusion-box,.fusion-accordian  #accordion-7455-1 .panel-title a:hover .fa-fusion-box { background-color: #3bafbf!important;border-color: #3bafbf!important;}<\/style><div class=\"accordian fusion-accordian\"><div class=\"panel-group\" id=\"accordion-7455-1\" role=\"tablist\"><div class=\"fusion-panel panel-default\" role=\"tabpanel\"><div class=\"panel-heading\"><h4 class=\"panel-title toggle\"><a aria-expanded=\"false\" aria-selected=\"false\" aria-controls=\"e099075f414dd73ff\" role=\"tab\" data-toggle=\"collapse\" data-parent=\"#accordion-7455-1\" data-target=\"#e099075f414dd73ff\" href=\"#e099075f414dd73ff\"><span class=\"fusion-toggle-icon-wrapper\" aria-hidden=\"true\"><i class=\"fa-fusion-box\" aria-hidden=\"true\"><\/i><\/span><span class=\"fusion-toggle-heading\">STAFF DE ESPECIALISTAS<\/span><\/a><\/h4><\/div><div id=\"e099075f414dd73ff\" class=\"panel-collapse collapse \"><div class=\"panel-body toggle-content fusion-clearfix\">\n<p>M.C. Mariela Delgado Burga<br \/>\n<strong>Jefe del Departamento<\/strong><\/p>\n<ul>\n<li>MC.Jackeline Balta Soto<\/li>\n<li>MC.Isabel Campos Carpi\u00f3<\/li>\n<li>MC.Kathy Gutierrez Fernandez<\/li>\n<li>MC.Bladimiro Choque Calder\u00f3n<\/li>\n<li>MC.Mariza Allcca Llave<\/li>\n<li>MC.Nazario Ortiz Muchotrigo<\/li>\n<li>MC Ricardo Jacobo Vizcarra<\/li>\n<\/ul>\n<\/div><\/div><\/div><\/div><\/div><\/div><\/div><style type=\"text\/css\">.fusion-body .fusion-builder-column-0{width:66.666666666667% !important;margin-top : 0px;margin-bottom : 30px;}.fusion-builder-column-0 > .fusion-column-wrapper {padding-top : 0px !important;padding-right : 0px !important;margin-right : 2.88%;padding-bottom : 0px !important;padding-left : 0px !important;margin-left : 2.88%;}@media only screen and (max-width:1024px) {.fusion-body .fusion-builder-column-0{width:100% !important;order : 0;}.fusion-builder-column-0 > .fusion-column-wrapper {margin-right : 1.92%;margin-left : 1.92%;}}@media only screen and (max-width:640px) {.fusion-body .fusion-builder-column-0{width:100% !important;order : 0;}.fusion-builder-column-0 > .fusion-column-wrapper {margin-right : 1.92%;margin-left : 1.92%;}}<\/style><div class=\"fusion-layout-column fusion_builder_column fusion-builder-column-1 fusion_builder_column_1_3 1_3 fusion-flex-column\"><div class=\"fusion-column-wrapper fusion-flex-justify-content-flex-start fusion-content-layout-column\" style=\"background-position:left top;background-repeat:no-repeat;-webkit-background-size:cover;-moz-background-size:cover;-o-background-size:cover;background-size:cover;background-color:#ffffff;border-width: 1px 1px 1px 1px;border-color:#dddddd;border-style:solid;padding: 30px 30px 30px 30px;\"><div ><span class=\" fusion-imageframe imageframe-none imageframe-1 hover-type-none\"><img decoding=\"async\" width=\"1170\" height=\"573\" title=\"laboratory2-1170&#215;573\" src=\"https:\/\/site.hsr.gob.pe\/wp-content\/uploads\/2019\/12\/laboratory2-1170x573.jpg\" class=\"img-responsive wp-image-1250\"\/><\/span><\/div><div class=\"fusion-separator fusion-full-width-sep\" style=\"align-self: center;margin-left: auto;margin-right: auto;margin-top:50px;width:100%;\"><\/div><div class=\"fusion-text fusion-text-5\" style=\"transform:translate3d(0,0,0);\"><h4 style=\"font-weight: 400; text-align: center;\"><i class=\"fa fa-clock-o\"><\/i> \u00a0\u00a0HORARIO DE ATENCI\u00d3N<\/h4>\n<\/div><div class=\"fusion-separator fusion-full-width-sep\" style=\"align-self: center;margin-left: auto;margin-right: auto;margin-top:0px;margin-bottom:30px;width:100%;max-width:100%;\"><div class=\"fusion-separator-border sep-single sep-solid\" style=\"border-color:#3bafbf;border-top-width:2px;\"><\/div><\/div><div class=\"fusion-text fusion-text-6\" style=\"transform:translate3d(0,0,0);\"><div class=\"table-2\">\n<table style=\"height: 90px;\" width=\"1117\">\n<tbody>\n<tr>\n<td style=\"text-align: left;\">Lunes &#8211; Viernes<\/td>\n<td style=\"text-align: right;\">7:00 &#8211; 06:00<\/td>\n<\/tr>\n<tr>\n<td style=\"text-align: left;\">S\u00e1bados<\/td>\n<td style=\"text-align: right;\">7:00 &#8211; 01:00<\/td>\n<\/tr>\n<tr>\n<td style=\"text-align: left;\">Domingos<\/td>\n<td style=\"text-align: right;\">Solo emergencias<\/td>\n<\/tr>\n<\/tbody>\n<\/table>\n<\/div>\n<\/div><div class=\"fusion-separator fusion-full-width-sep\" style=\"align-self: center;margin-left: auto;margin-right: auto;margin-top:20px;width:100%;\"><\/div><div class=\"fusion-text fusion-text-7\" style=\"transform:translate3d(0,0,0);\"><h4 style=\"font-weight: 400; text-align: center;\">Citas por Tel\u00e9fono<\/h4>\n<h4 style=\"font-weight: 400; text-align: center;\">+51 (1)6158260<\/h4>\n<\/div><div class=\"fusion-separator fusion-full-width-sep\" style=\"align-self: center;margin-left: auto;margin-right: auto;margin-top:50px;width:100%;\"><\/div><\/div><\/div><style type=\"text\/css\">.fusion-body .fusion-builder-column-1{width:33.333333333333% !important;margin-top : 0px;margin-bottom : 30px;}.fusion-builder-column-1 > .fusion-column-wrapper {padding-top : 30px !important;padding-right : 30px !important;margin-right : 5.76%;padding-bottom : 30px !important;padding-left : 30px !important;margin-left : 5.76%;}@media only screen and (max-width:1024px) {.fusion-body .fusion-builder-column-1{width:100% !important;}.fusion-builder-column-1 > .fusion-column-wrapper {margin-right : 1.92%;margin-left : 1.92%;}}@media only screen and (max-width:640px) {.fusion-body .fusion-builder-column-1{width:100% !important;}.fusion-builder-column-1 > .fusion-column-wrapper {margin-right : 1.92%;margin-left : 1.92%;}}<\/style><\/div><style type=\"text\/css\">.fusion-body .fusion-flex-container.fusion-builder-row-1{ padding-top : 0px;margin-top : 0px;padding-right : 0px;padding-bottom : 0px;margin-bottom : 0px;padding-left : 0px;}<\/style><\/div>\n<div class=\"pvc_clear\"><\/div>\n<p id=\"pvc_stats_7455\" class=\"pvc_stats all  \" data-element-id=\"7455\" style=\"\"><i class=\"pvc-stats-icon medium\" aria-hidden=\"true\"><svg aria-hidden=\"true\" focusable=\"false\" data-prefix=\"far\" data-icon=\"chart-bar\" role=\"img\" xmlns=\"http:\/\/www.w3.org\/2000\/svg\" viewBox=\"0 0 512 512\" class=\"svg-inline--fa fa-chart-bar fa-w-16 fa-2x\"><path fill=\"currentColor\" d=\"M396.8 352h22.4c6.4 0 12.8-6.4 12.8-12.8V108.8c0-6.4-6.4-12.8-12.8-12.8h-22.4c-6.4 0-12.8 6.4-12.8 12.8v230.4c0 6.4 6.4 12.8 12.8 12.8zm-192 0h22.4c6.4 0 12.8-6.4 12.8-12.8V140.8c0-6.4-6.4-12.8-12.8-12.8h-22.4c-6.4 0-12.8 6.4-12.8 12.8v198.4c0 6.4 6.4 12.8 12.8 12.8zm96 0h22.4c6.4 0 12.8-6.4 12.8-12.8V204.8c0-6.4-6.4-12.8-12.8-12.8h-22.4c-6.4 0-12.8 6.4-12.8 12.8v134.4c0 6.4 6.4 12.8 12.8 12.8zM496 400H48V80c0-8.84-7.16-16-16-16H16C7.16 64 0 71.16 0 80v336c0 17.67 14.33 32 32 32h464c8.84 0 16-7.16 16-16v-16c0-8.84-7.16-16-16-16zm-387.2-48h22.4c6.4 0 12.8-6.4 12.8-12.8v-70.4c0-6.4-6.4-12.8-12.8-12.8h-22.4c-6.4 0-12.8 6.4-12.8 12.8v70.4c0 6.4 6.4 12.8 12.8 12.8z\" class=\"\"><\/path><\/svg><\/i> <img decoding=\"async\" width=\"16\" height=\"16\" alt=\"Loading\" src=\"https:\/\/site.hsr.gob.pe\/wp-content\/plugins\/page-views-count\/ajax-loader-2x.gif\" border=0 \/><\/p>\n<div class=\"pvc_clear\"><\/div>\n","protected":false},"excerpt":{"rendered":"<div class=\"pvc_clear\"><\/div>\n<p id=\"pvc_stats_7455\" class=\"pvc_stats all  \" data-element-id=\"7455\" style=\"\"><i class=\"pvc-stats-icon medium\" aria-hidden=\"true\"><svg aria-hidden=\"true\" focusable=\"false\" data-prefix=\"far\" data-icon=\"chart-bar\" role=\"img\" xmlns=\"http:\/\/www.w3.org\/2000\/svg\" viewBox=\"0 0 512 512\" class=\"svg-inline--fa fa-chart-bar fa-w-16 fa-2x\"><path fill=\"currentColor\" d=\"M396.8 352h22.4c6.4 0 12.8-6.4 12.8-12.8V108.8c0-6.4-6.4-12.8-12.8-12.8h-22.4c-6.4 0-12.8 6.4-12.8 12.8v230.4c0 6.4 6.4 12.8 12.8 12.8zm-192 0h22.4c6.4 0 12.8-6.4 12.8-12.8V140.8c0-6.4-6.4-12.8-12.8-12.8h-22.4c-6.4 0-12.8 6.4-12.8 12.8v198.4c0 6.4 6.4 12.8 12.8 12.8zm96 0h22.4c6.4 0 12.8-6.4 12.8-12.8V204.8c0-6.4-6.4-12.8-12.8-12.8h-22.4c-6.4 0-12.8 6.4-12.8 12.8v134.4c0 6.4 6.4 12.8 12.8 12.8zM496 400H48V80c0-8.84-7.16-16-16-16H16C7.16 64 0 71.16 0 80v336c0 17.67 14.33 32 32 32h464c8.84 0 16-7.16 16-16v-16c0-8.84-7.16-16-16-16zm-387.2-48h22.4c6.4 0 12.8-6.4 12.8-12.8v-70.4c0-6.4-6.4-12.8-12.8-12.8h-22.4c-6.4 0-12.8 6.4-12.8 12.8v70.4c0 6.4 6.4 12.8 12.8 12.8z\" class=\"\"><\/path><\/svg><\/i> <img decoding=\"async\" width=\"16\" height=\"16\" alt=\"Loading\" src=\"https:\/\/site.hsr.gob.pe\/wp-content\/plugins\/page-views-count\/ajax-loader-2x.gif\" border=0 \/><\/p>\n<div class=\"pvc_clear\"><\/div>\n","protected":false},"author":1,"featured_media":0,"parent":0,"menu_order":0,"comment_status":"closed","ping_status":"closed","template":"","meta":{"footnotes":""},"class_list":["post-7455","page","type-page","status-publish","hentry"],"yoast_head":"<!-- This site is optimized with the Yoast SEO plugin v27.4 - https:\/\/yoast.com\/product\/yoast-seo-wordpress\/ -->\n<title>ANATOM\u00cdA PATOLOG\u00cdCA Y CL\u00cdNICA - SITE HOSPITAL SANTA ROSA<\/title>\n<meta name=\"robots\" content=\"index, follow, max-snippet:-1, max-image-preview:large, max-video-preview:-1\" \/>\n<link rel=\"canonical\" href=\"https:\/\/site.hsr.gob.pe\/?page_id=7455\" \/>\n<meta property=\"og:locale\" content=\"es_ES\" \/>\n<meta property=\"og:type\" content=\"article\" \/>\n<meta property=\"og:title\" content=\"ANATOM\u00cdA PATOLOG\u00cdCA Y CL\u00cdNICA - SITE HOSPITAL SANTA ROSA\" \/>\n<meta property=\"og:url\" content=\"https:\/\/site.hsr.gob.pe\/?page_id=7455\" \/>\n<meta property=\"og:site_name\" content=\"SITE HOSPITAL SANTA ROSA\" \/>\n<meta property=\"article:modified_time\" content=\"2022-06-23T21:48:44+00:00\" \/>\n<meta name=\"twitter:card\" content=\"summary_large_image\" \/>\n<meta name=\"twitter:label1\" content=\"Tiempo de lectura\" \/>\n\t<meta name=\"twitter:data1\" content=\"6 minutos\" \/>\n<script type=\"application\/ld+json\" class=\"yoast-schema-graph\">{\"@context\":\"https:\\\/\\\/schema.org\",\"@graph\":[{\"@type\":\"WebPage\",\"@id\":\"https:\\\/\\\/site.hsr.gob.pe\\\/?page_id=7455\",\"url\":\"https:\\\/\\\/site.hsr.gob.pe\\\/?page_id=7455\",\"name\":\"ANATOM\u00cdA PATOLOG\u00cdCA Y CL\u00cdNICA - SITE HOSPITAL SANTA ROSA\",\"isPartOf\":{\"@id\":\"https:\\\/\\\/site.hsr.gob.pe\\\/#website\"},\"datePublished\":\"2022-06-21T16:28:51+00:00\",\"dateModified\":\"2022-06-23T21:48:44+00:00\",\"breadcrumb\":{\"@id\":\"https:\\\/\\\/site.hsr.gob.pe\\\/?page_id=7455#breadcrumb\"},\"inLanguage\":\"es\",\"potentialAction\":[{\"@type\":\"ReadAction\",\"target\":[\"https:\\\/\\\/site.hsr.gob.pe\\\/?page_id=7455\"]}]},{\"@type\":\"BreadcrumbList\",\"@id\":\"https:\\\/\\\/site.hsr.gob.pe\\\/?page_id=7455#breadcrumb\",\"itemListElement\":[{\"@type\":\"ListItem\",\"position\":1,\"name\":\"Portada\",\"item\":\"https:\\\/\\\/site.hsr.gob.pe\\\/\"},{\"@type\":\"ListItem\",\"position\":2,\"name\":\"ANATOM\u00cdA PATOLOG\u00cdCA Y CL\u00cdNICA\"}]},{\"@type\":\"WebSite\",\"@id\":\"https:\\\/\\\/site.hsr.gob.pe\\\/#website\",\"url\":\"https:\\\/\\\/site.hsr.gob.pe\\\/\",\"name\":\"SITE HOSPITAL SANTA ROSA\",\"description\":\"Calidez, Ciencia y Experiencia a su Servicio\",\"publisher\":{\"@id\":\"https:\\\/\\\/site.hsr.gob.pe\\\/#organization\"},\"potentialAction\":[{\"@type\":\"SearchAction\",\"target\":{\"@type\":\"EntryPoint\",\"urlTemplate\":\"https:\\\/\\\/site.hsr.gob.pe\\\/?s={search_term_string}\"},\"query-input\":{\"@type\":\"PropertyValueSpecification\",\"valueRequired\":true,\"valueName\":\"search_term_string\"}}],\"inLanguage\":\"es\"},{\"@type\":\"Organization\",\"@id\":\"https:\\\/\\\/site.hsr.gob.pe\\\/#organization\",\"name\":\"Hospital Santa Rosa\",\"url\":\"https:\\\/\\\/site.hsr.gob.pe\\\/\",\"logo\":{\"@type\":\"ImageObject\",\"inLanguage\":\"es\",\"@id\":\"https:\\\/\\\/site.hsr.gob.pe\\\/#\\\/schema\\\/logo\\\/image\\\/\",\"url\":\"https:\\\/\\\/site.hsr.gob.pe\\\/wp-content\\\/uploads\\\/2021\\\/01\\\/lact5-1.jpg\",\"contentUrl\":\"https:\\\/\\\/site.hsr.gob.pe\\\/wp-content\\\/uploads\\\/2021\\\/01\\\/lact5-1.jpg\",\"width\":800,\"height\":414,\"caption\":\"Hospital Santa Rosa\"},\"image\":{\"@id\":\"https:\\\/\\\/site.hsr.gob.pe\\\/#\\\/schema\\\/logo\\\/image\\\/\"}}]}<\/script>\n<!-- \/ Yoast SEO plugin. -->","yoast_head_json":{"title":"ANATOM\u00cdA PATOLOG\u00cdCA Y CL\u00cdNICA - SITE HOSPITAL SANTA ROSA","robots":{"index":"index","follow":"follow","max-snippet":"max-snippet:-1","max-image-preview":"max-image-preview:large","max-video-preview":"max-video-preview:-1"},"canonical":"https:\/\/site.hsr.gob.pe\/?page_id=7455","og_locale":"es_ES","og_type":"article","og_title":"ANATOM\u00cdA PATOLOG\u00cdCA Y CL\u00cdNICA - SITE HOSPITAL SANTA ROSA","og_url":"https:\/\/site.hsr.gob.pe\/?page_id=7455","og_site_name":"SITE HOSPITAL SANTA ROSA","article_modified_time":"2022-06-23T21:48:44+00:00","twitter_card":"summary_large_image","twitter_misc":{"Tiempo de lectura":"6 minutos"},"schema":{"@context":"https:\/\/schema.org","@graph":[{"@type":"WebPage","@id":"https:\/\/site.hsr.gob.pe\/?page_id=7455","url":"https:\/\/site.hsr.gob.pe\/?page_id=7455","name":"ANATOM\u00cdA PATOLOG\u00cdCA Y CL\u00cdNICA - SITE HOSPITAL SANTA ROSA","isPartOf":{"@id":"https:\/\/site.hsr.gob.pe\/#website"},"datePublished":"2022-06-21T16:28:51+00:00","dateModified":"2022-06-23T21:48:44+00:00","breadcrumb":{"@id":"https:\/\/site.hsr.gob.pe\/?page_id=7455#breadcrumb"},"inLanguage":"es","potentialAction":[{"@type":"ReadAction","target":["https:\/\/site.hsr.gob.pe\/?page_id=7455"]}]},{"@type":"BreadcrumbList","@id":"https:\/\/site.hsr.gob.pe\/?page_id=7455#breadcrumb","itemListElement":[{"@type":"ListItem","position":1,"name":"Portada","item":"https:\/\/site.hsr.gob.pe\/"},{"@type":"ListItem","position":2,"name":"ANATOM\u00cdA PATOLOG\u00cdCA Y CL\u00cdNICA"}]},{"@type":"WebSite","@id":"https:\/\/site.hsr.gob.pe\/#website","url":"https:\/\/site.hsr.gob.pe\/","name":"SITE HOSPITAL SANTA ROSA","description":"Calidez, Ciencia y Experiencia a su Servicio","publisher":{"@id":"https:\/\/site.hsr.gob.pe\/#organization"},"potentialAction":[{"@type":"SearchAction","target":{"@type":"EntryPoint","urlTemplate":"https:\/\/site.hsr.gob.pe\/?s={search_term_string}"},"query-input":{"@type":"PropertyValueSpecification","valueRequired":true,"valueName":"search_term_string"}}],"inLanguage":"es"},{"@type":"Organization","@id":"https:\/\/site.hsr.gob.pe\/#organization","name":"Hospital Santa Rosa","url":"https:\/\/site.hsr.gob.pe\/","logo":{"@type":"ImageObject","inLanguage":"es","@id":"https:\/\/site.hsr.gob.pe\/#\/schema\/logo\/image\/","url":"https:\/\/site.hsr.gob.pe\/wp-content\/uploads\/2021\/01\/lact5-1.jpg","contentUrl":"https:\/\/site.hsr.gob.pe\/wp-content\/uploads\/2021\/01\/lact5-1.jpg","width":800,"height":414,"caption":"Hospital Santa Rosa"},"image":{"@id":"https:\/\/site.hsr.gob.pe\/#\/schema\/logo\/image\/"}}]}},"_links":{"self":[{"href":"https:\/\/site.hsr.gob.pe\/index.php?rest_route=\/wp\/v2\/pages\/7455","targetHints":{"allow":["GET"]}}],"collection":[{"href":"https:\/\/site.hsr.gob.pe\/index.php?rest_route=\/wp\/v2\/pages"}],"about":[{"href":"https:\/\/site.hsr.gob.pe\/index.php?rest_route=\/wp\/v2\/types\/page"}],"author":[{"embeddable":true,"href":"https:\/\/site.hsr.gob.pe\/index.php?rest_route=\/wp\/v2\/users\/1"}],"replies":[{"embeddable":true,"href":"https:\/\/site.hsr.gob.pe\/index.php?rest_route=%2Fwp%2Fv2%2Fcomments&post=7455"}],"version-history":[{"count":3,"href":"https:\/\/site.hsr.gob.pe\/index.php?rest_route=\/wp\/v2\/pages\/7455\/revisions"}],"predecessor-version":[{"id":7524,"href":"https:\/\/site.hsr.gob.pe\/index.php?rest_route=\/wp\/v2\/pages\/7455\/revisions\/7524"}],"wp:attachment":[{"href":"https:\/\/site.hsr.gob.pe\/index.php?rest_route=%2Fwp%2Fv2%2Fmedia&parent=7455"}],"curies":[{"name":"wp","href":"https:\/\/api.w.org\/{rel}","templated":true}]}}