{"id":4064,"date":"2020-08-12T10:35:33","date_gmt":"2020-08-12T15:35:33","guid":{"rendered":"https:\/\/www.hsr.gob.pe\/?page_id=4064"},"modified":"2023-01-12T12:21:13","modified_gmt":"2023-01-12T17:21:13","slug":"citas-en-linea","status":"publish","type":"page","link":"https:\/\/site.hsr.gob.pe\/?page_id=4064","title":{"rendered":"FORMULARIOS DE CITAS M\u00c9DICAS"},"content":{"rendered":"","protected":true},"excerpt":{"rendered":"","protected":true},"author":1,"featured_media":0,"parent":0,"menu_order":0,"comment_status":"closed","ping_status":"closed","template":"","meta":{"footnotes":""},"class_list":["post-4064","page","type-page","status-publish","post-password-required","hentry"],"yoast_head":"<!-- This site is optimized with the Yoast SEO plugin v27.3 - https:\/\/yoast.com\/product\/yoast-seo-wordpress\/ -->\n<title>FORMULARIOS DE CITAS M\u00c9DICAS - SITE HOSPITAL SANTA ROSA<\/title>\n<meta name=\"description\" content=\"Solicita tu cita m\u00e9dica en el Hospital Santa Rosa a trav\u00e9s de nuestros formularios atendidos por nuestras enfermeras especialistas\" \/>\n<meta name=\"robots\" content=\"index, follow, max-snippet:-1, max-image-preview:large, max-video-preview:-1\" \/>\n<link rel=\"canonical\" href=\"https:\/\/site.hsr.gob.pe\/?page_id=4064\" \/>\n<meta property=\"og:locale\" content=\"es_ES\" \/>\n<meta property=\"og:type\" content=\"article\" \/>\n<meta property=\"og:title\" content=\"FORMULARIOS DE CITAS M\u00c9DICAS - SITE HOSPITAL SANTA ROSA\" \/>\n<meta property=\"og:description\" content=\"Solicita tu cita m\u00e9dica en el Hospital Santa Rosa a trav\u00e9s de nuestros formularios atendidos por nuestras enfermeras especialistas\" \/>\n<meta property=\"og:url\" content=\"https:\/\/site.hsr.gob.pe\/?page_id=4064\" \/>\n<meta property=\"og:site_name\" content=\"SITE HOSPITAL SANTA ROSA\" \/>\n<meta property=\"article:modified_time\" content=\"2023-01-12T17:21:13+00:00\" \/>\n<meta name=\"twitter:card\" content=\"summary_large_image\" \/>\n<meta name=\"twitter:label1\" content=\"Tiempo de lectura\" \/>\n\t<meta name=\"twitter:data1\" content=\"5 minutos\" \/>\n<script type=\"application\/ld+json\" class=\"yoast-schema-graph\">{\"@context\":\"https:\\\/\\\/schema.org\",\"@graph\":[{\"@type\":\"WebPage\",\"@id\":\"https:\\\/\\\/site.hsr.gob.pe\\\/?page_id=4064\",\"url\":\"https:\\\/\\\/site.hsr.gob.pe\\\/?page_id=4064\",\"name\":\"FORMULARIOS DE CITAS M\u00c9DICAS - SITE HOSPITAL SANTA ROSA\",\"isPartOf\":{\"@id\":\"https:\\\/\\\/site.hsr.gob.pe\\\/#website\"},\"datePublished\":\"2020-08-12T15:35:33+00:00\",\"dateModified\":\"2023-01-12T17:21:13+00:00\",\"breadcrumb\":{\"@id\":\"https:\\\/\\\/site.hsr.gob.pe\\\/?page_id=4064#breadcrumb\"},\"inLanguage\":\"es\"},{\"@type\":\"WebSite\",\"@id\":\"https:\\\/\\\/site.hsr.gob.pe\\\/#website\",\"url\":\"https:\\\/\\\/site.hsr.gob.pe\\\/\",\"name\":\"SITE HOSPITAL SANTA ROSA\",\"description\":\"Calidez, Ciencia y Experiencia a su Servicio\",\"publisher\":{\"@id\":\"https:\\\/\\\/site.hsr.gob.pe\\\/#organization\"},\"potentialAction\":[{\"@type\":\"SearchAction\",\"target\":{\"@type\":\"EntryPoint\",\"urlTemplate\":\"https:\\\/\\\/site.hsr.gob.pe\\\/?s={search_term_string}\"},\"query-input\":{\"@type\":\"PropertyValueSpecification\",\"valueRequired\":true,\"valueName\":\"search_term_string\"}}],\"inLanguage\":\"es\"},{\"@type\":\"Organization\",\"@id\":\"https:\\\/\\\/site.hsr.gob.pe\\\/#organization\",\"name\":\"Hospital Santa Rosa\",\"url\":\"https:\\\/\\\/site.hsr.gob.pe\\\/\",\"logo\":{\"@type\":\"ImageObject\",\"inLanguage\":\"es\",\"@id\":\"https:\\\/\\\/site.hsr.gob.pe\\\/#\\\/schema\\\/logo\\\/image\\\/\",\"url\":\"https:\\\/\\\/site.hsr.gob.pe\\\/wp-content\\\/uploads\\\/2021\\\/01\\\/lact5-1.jpg\",\"contentUrl\":\"https:\\\/\\\/site.hsr.gob.pe\\\/wp-content\\\/uploads\\\/2021\\\/01\\\/lact5-1.jpg\",\"width\":800,\"height\":414,\"caption\":\"Hospital Santa Rosa\"},\"image\":{\"@id\":\"https:\\\/\\\/site.hsr.gob.pe\\\/#\\\/schema\\\/logo\\\/image\\\/\"}}]}<\/script>\n<!-- \/ Yoast SEO plugin. -->","yoast_head_json":{"title":"FORMULARIOS DE CITAS M\u00c9DICAS - SITE HOSPITAL SANTA ROSA","description":"Solicita tu cita m\u00e9dica en el Hospital Santa Rosa a trav\u00e9s de nuestros formularios atendidos por nuestras enfermeras especialistas","robots":{"index":"index","follow":"follow","max-snippet":"max-snippet:-1","max-image-preview":"max-image-preview:large","max-video-preview":"max-video-preview:-1"},"canonical":"https:\/\/site.hsr.gob.pe\/?page_id=4064","og_locale":"es_ES","og_type":"article","og_title":"FORMULARIOS DE CITAS M\u00c9DICAS - SITE HOSPITAL SANTA ROSA","og_description":"Solicita tu cita m\u00e9dica en el Hospital Santa Rosa a trav\u00e9s de nuestros formularios atendidos por nuestras enfermeras especialistas","og_url":"https:\/\/site.hsr.gob.pe\/?page_id=4064","og_site_name":"SITE HOSPITAL SANTA ROSA","article_modified_time":"2023-01-12T17:21:13+00:00","twitter_card":"summary_large_image","twitter_misc":{"Tiempo de lectura":"5 minutos"},"schema":{"@context":"https:\/\/schema.org","@graph":[{"@type":"WebPage","@id":"https:\/\/site.hsr.gob.pe\/?page_id=4064","url":"https:\/\/site.hsr.gob.pe\/?page_id=4064","name":"FORMULARIOS DE CITAS M\u00c9DICAS - SITE HOSPITAL SANTA ROSA","isPartOf":{"@id":"https:\/\/site.hsr.gob.pe\/#website"},"datePublished":"2020-08-12T15:35:33+00:00","dateModified":"2023-01-12T17:21:13+00:00","breadcrumb":{"@id":"https:\/\/site.hsr.gob.pe\/?page_id=4064#breadcrumb"},"inLanguage":"es"},{"@type":"WebSite","@id":"https:\/\/site.hsr.gob.pe\/#website","url":"https:\/\/site.hsr.gob.pe\/","name":"SITE HOSPITAL SANTA ROSA","description":"Calidez, Ciencia y Experiencia a su Servicio","publisher":{"@id":"https:\/\/site.hsr.gob.pe\/#organization"},"potentialAction":[{"@type":"SearchAction","target":{"@type":"EntryPoint","urlTemplate":"https:\/\/site.hsr.gob.pe\/?s={search_term_string}"},"query-input":{"@type":"PropertyValueSpecification","valueRequired":true,"valueName":"search_term_string"}}],"inLanguage":"es"},{"@type":"Organization","@id":"https:\/\/site.hsr.gob.pe\/#organization","name":"Hospital Santa Rosa","url":"https:\/\/site.hsr.gob.pe\/","logo":{"@type":"ImageObject","inLanguage":"es","@id":"https:\/\/site.hsr.gob.pe\/#\/schema\/logo\/image\/","url":"https:\/\/site.hsr.gob.pe\/wp-content\/uploads\/2021\/01\/lact5-1.jpg","contentUrl":"https:\/\/site.hsr.gob.pe\/wp-content\/uploads\/2021\/01\/lact5-1.jpg","width":800,"height":414,"caption":"Hospital Santa Rosa"},"image":{"@id":"https:\/\/site.hsr.gob.pe\/#\/schema\/logo\/image\/"}}]}},"_links":{"self":[{"href":"https:\/\/site.hsr.gob.pe\/index.php?rest_route=\/wp\/v2\/pages\/4064","targetHints":{"allow":["GET"]}}],"collection":[{"href":"https:\/\/site.hsr.gob.pe\/index.php?rest_route=\/wp\/v2\/pages"}],"about":[{"href":"https:\/\/site.hsr.gob.pe\/index.php?rest_route=\/wp\/v2\/types\/page"}],"author":[{"embeddable":true,"href":"https:\/\/site.hsr.gob.pe\/index.php?rest_route=\/wp\/v2\/users\/1"}],"replies":[{"embeddable":true,"href":"https:\/\/site.hsr.gob.pe\/index.php?rest_route=%2Fwp%2Fv2%2Fcomments&post=4064"}],"version-history":[{"count":61,"href":"https:\/\/site.hsr.gob.pe\/index.php?rest_route=\/wp\/v2\/pages\/4064\/revisions"}],"predecessor-version":[{"id":8474,"href":"https:\/\/site.hsr.gob.pe\/index.php?rest_route=\/wp\/v2\/pages\/4064\/revisions\/8474"}],"wp:attachment":[{"href":"https:\/\/site.hsr.gob.pe\/index.php?rest_route=%2Fwp%2Fv2%2Fmedia&parent=4064"}],"curies":[{"name":"wp","href":"https:\/\/api.w.org\/{rel}","templated":true}]}}