{"id":3448,"date":"2020-07-14T11:16:48","date_gmt":"2020-07-14T16:16:48","guid":{"rendered":"https:\/\/www.hsr.gob.pe\/?page_id=3448"},"modified":"2022-05-23T08:15:03","modified_gmt":"2022-05-23T13:15:03","slug":"departamento-de-medicina","status":"publish","type":"page","link":"https:\/\/site.hsr.gob.pe\/?page_id=3448","title":{"rendered":"ESPECIALISTAS DE MEDICINA"},"content":{"rendered":"<div class=\"fusion-fullwidth fullwidth-box fusion-builder-row-1 nonhundred-percent-fullwidth non-hundred-percent-height-scrolling\" style=\"background-color: rgba(255,255,255,0);background-position: center center;background-repeat: no-repeat;padding-top:0px;padding-right:0px;padding-bottom:0px;padding-left:0px;margin-bottom: 0px;margin-top: 0px;border-width: 0px 0px 0px 0px;border-color:#eae9e9;border-style:solid;\" ><div class=\"fusion-builder-row fusion-row\"><div class=\"fusion-layout-column fusion_builder_column fusion-builder-column-0 fusion_builder_column_3_4 3_4 fusion-three-fourth fusion-column-first\" style=\"width:75%;width:calc(75% - ( ( 4% ) * 0.75 ) );margin-right: 4%;margin-top:0px;margin-bottom:30px;\"><div class=\"fusion-column-wrapper fusion-flex-column-wrapper-legacy\" style=\"background-position:left top;background-repeat:no-repeat;-webkit-background-size:cover;-moz-background-size:cover;-o-background-size:cover;background-size:cover;padding: 0px 0px 0px 0px;\"><style type=\"text\/css\">#accordion-3448-1 .fusion-panel:hover, #accordion-3448-1 .fusion-panel.hover{ background-color: #f9f9f9 } #accordion-3448-1 .fusion-panel { border-color:#cccccc; border-width:1px; background-color:#ffffff; }.fusion-accordian  #accordion-3448-1 .panel-title a .fa-fusion-box{ color: #ffffff;}.fusion-accordian  #accordion-3448-1 .panel-title a .fa-fusion-box:before{ font-size: 13px; width: 13px;}.fusion-accordian  #accordion-3448-1 .panel-title a{font-size:18px;}.fusion-accordian  #accordion-3448-1 .fa-fusion-box { background-color: #333333;border-color: #333333;}.fusion-accordian  #accordion-3448-1 .panel-title a:hover, #accordion-3448-1 .fusion-toggle-boxed-mode:hover .panel-title a { color: #3bafbf;}.fusion-accordian  #accordion-3448-1 .panel-title .active .fa-fusion-box,.fusion-accordian  #accordion-3448-1 .panel-title a:hover .fa-fusion-box { background-color: #3bafbf!important;border-color: #3bafbf!important;}<\/style><div class=\"accordian fusion-accordian\"><div class=\"panel-group\" id=\"accordion-3448-1\" role=\"tablist\"><div class=\"fusion-panel panel-default fusion-toggle-no-divider fusion-toggle-boxed-mode\" role=\"tabpanel\"><div class=\"panel-heading\"><h4 class=\"panel-title toggle\"><a class=\"active\" aria-expanded=\"true\" aria-selected=\"true\" aria-controls=\"7bb6e396de00648e6\" role=\"tab\" data-toggle=\"collapse\" data-parent=\"#accordion-3448-1\" data-target=\"#7bb6e396de00648e6\" href=\"#7bb6e396de00648e6\"><span class=\"fusion-toggle-icon-wrapper\" aria-hidden=\"true\"><i class=\"fa-fusion-box\" aria-hidden=\"true\"><\/i><\/span><span class=\"fusion-toggle-heading\">DEPARTAMENTO DE MEDICINA<\/span><\/a><\/h4><\/div><div id=\"7bb6e396de00648e6\" class=\"panel-collapse collapse in\"><div class=\"panel-body toggle-content fusion-clearfix\">\n<p><strong>\u00a0<\/strong><span style=\"color: #3bafbf;\"><strong>SERVICIO DE MEDICINA<\/strong><\/span><\/p>\n<ol>\n<li>MC. Alvarado Murillo Hern\u00e1n<\/li>\n<li>MC. Chong Vilela Tito<\/li>\n<li>MC. Cruz Pasos Rodolfo<\/li>\n<li>MC. Fajardo Coronatta Luis<\/li>\n<li>MC. Garay Pe\u00f1a Luman<\/li>\n<li>MC. Ibazeta Hinojosa Lilian<\/li>\n<li>MC. Kovalchuk de Longaray Irina<\/li>\n<li>MC. Lecca Revilla Nuvia<\/li>\n<li>MC. Luna Rivera Oscar<\/li>\n<li>MC. Rodr\u00edguez Vargas Guillermo<\/li>\n<li>MC. Sandoval Kawashima Seyzo<\/li>\n<li>MC. Sernaqu\u00e9 Mechato Roger<\/li>\n<li>MC. Z\u00fa\u00f1iga Vargas Oscar Alberto<\/li>\n<\/ol>\n<p><strong>\u00a0<span style=\"color: #3bafbf;\">\u00a0SERVICIO DE ESPECIALIDADES M\u00c9DICAS<\/span><\/strong><\/p>\n<p><strong>\u00a0 \u00a0 \u00a0 \u00a0<span style=\"color: #3bafbf;\">CARDIOLOG\u00cdA<\/span><\/strong><\/p>\n<ol>\n<li>MC. Arriola Campos Christian<\/li>\n<li>MC. Chipana Osiro Miguel<\/li>\n<li>MC. Escalante Rojas Hugo<\/li>\n<li>MC. Quilla Cerd\u00e1n Dessire<\/li>\n<\/ol>\n<p><strong>\u00a0 \u00a0 \u00a0 <\/strong><span style=\"color: #3bafbf;\"><strong>DERMATOLOG\u00cdA <\/strong><\/span><\/p>\n<ol>\n<li>MC. Sansoni Rainuzzo Aldo<\/li>\n<li>MC. Villan\u00e9s Erquinio Martha<\/li>\n<\/ol>\n<p><strong>\u00a0 \u00a0 \u00a0 <\/strong><span style=\"color: #3bafbf;\"><strong>ENDOCRINOLOG\u00cdA<\/strong><\/span><\/p>\n<ol>\n<li>MC. Uriarte Alina D\u00e1vila<\/li>\n<li>MC. Jimenez Martel Sandra Jim\u00e9nez<\/li>\n<li>MC. Salda\u00f1a Luis More<\/li>\n<li>MC. Suares Rojas Jacsel<\/li>\n<\/ol>\n<p><strong>\u00a0\u00a0\u00a0\u00a0\u00a0 <\/strong><span style=\"color: #3bafbf;\"><strong>GASTROENTEROLOG\u00cdA <\/strong><\/span><\/p>\n<ol>\n<li>MC. G\u00f3mez Ponce Regina<\/li>\n<li>MC. Hidalgo Carrasco Hedilberto<\/li>\n<li>MC. Mart\u00ednez Pizarro Henry<\/li>\n<li>MC. Salda\u00f1a Rebaza Luis<\/li>\n<li>MC. Silva Balarezo Javier<\/li>\n<li>MC. Tamayo Ly William<\/li>\n<\/ol>\n<p><strong><span style=\"color: #3bafbf;\">\u00a0<\/span><\/strong><strong><span style=\"color: #3bafbf;\">\u00a0 \u00a0 \u00a0GERIATR\u00cdA <\/span><\/strong><\/p>\n<ol>\n<li>MC. Bejar Silvana Vergaray<\/li>\n<li>MC. P\u00e9rez Torres Soledad<\/li>\n<li>MC. V\u00e1squez Gil Esthefhany<\/li>\n<\/ol>\n<p><strong><span style=\"color: #3bafbf;\">\u00a0 \u00a0 \u00a0HEMATOLOG\u00cdA<\/span><\/strong><\/p>\n<ol>\n<li>MC. Carrasco Vergaray Carlos<\/li>\n<\/ol>\n<p><strong><span style=\"color: #3bafbf;\">\u00a0 \u00a0 \u00a0 INFECTOLOG\u00cdA <\/span><\/strong><\/p>\n<ol>\n<li>MC. Biminchumo Sagastegui Clarissa<\/li>\n<li>MC. DeDios Alegr\u00eda Mar\u00eda<\/li>\n<li>MC. S\u00e1nchez Barrueto Yolanda<\/li>\n<\/ol>\n<p><strong><span style=\"color: #3bafbf;\">\u00a0 \u00a0 \u00a0 NEFROLOG\u00cdA<\/span><\/strong><\/p>\n<ol>\n<li>MC. Moreno Escobedo Tania<\/li>\n<li>MC. Vel\u00e1squez Chumpitazi Amado<\/li>\n<\/ol>\n<p><strong>\u00a0\u00a0\u00a0\u00a0\u00a0 <span style=\"color: #3bafbf;\">NEUMOLOG\u00cdA<\/span><\/strong><\/p>\n<ol>\n<li>MC. Dedios Reyes Tanya<\/li>\n<li>MC. Echavarr\u00eda De La Cruz Jos\u00e9<\/li>\n<li>MC. Herrera Vidal C\u00e9sar<\/li>\n<\/ol>\n<p><strong>\u00a0 \u00a0 \u00a0 <span style=\"color: #3bafbf;\">NEUROLOG\u00cdA <\/span><\/strong><\/p>\n<ol>\n<li>MC. Valdivia Obando Herberth<\/li>\n<li>MC. Zapata G\u00f3mez Carlos<\/li>\n<\/ol>\n<p><span style=\"color: #3bafbf;\"><strong>\u00a0\u00a0<\/strong><\/span><\/p>\n<p><span style=\"color: #3bafbf;\"><strong>\u00a0 \u00a0 \u00a0 REUMATOLOG\u00cdA<\/strong><\/span><\/p>\n<ol>\n<li>MC. Adv\u00edncula Encarnaci\u00f3n Genaro<\/li>\n<li>MC. Due\u00f1as \u00c1lvarez Am\u00e9rico Pedro<\/li>\n<\/ol>\n<p><strong>\u00a0 \u00a0 \u00a0 <span style=\"color: #3bafbf;\">\u00a0SERVICIO DE MEDICINA F\u00cdSICA Y REHABILITACI\u00d3N<\/span><\/strong><\/p>\n<ol>\n<li>MC. Balarezo S. Julia<\/li>\n<li>MC. Honorio C. Fausto<\/li>\n<li>MC. Pulido Poma Rosa<\/li>\n<\/ol>\n<p><strong>\u00a0 \u00a0 \u00a0<span style=\"color: #3bafbf;\"> PSIQUIATR\u00cdA <\/span><\/strong><\/p>\n<ol>\n<li>MC. Aliaga Vargas Enrique<\/li>\n<li>MC. L\u00f3pez Valent\u00edn Enrique<\/li>\n<li>MC. Urrutia Landeo Roberto<\/li>\n<\/ol>\n<\/div><\/div><\/div><\/div><\/div><div class=\"fusion-clearfix\"><\/div><\/div><\/div><div class=\"fusion-layout-column fusion_builder_column fusion-builder-column-1 fusion_builder_column_1_4 1_4 fusion-one-fourth fusion-column-last\" style=\"width:25%;width:calc(25% - ( ( 4% ) * 0.25 ) );margin-top:0px;margin-bottom:30px;\"><div class=\"fusion-column-wrapper fusion-flex-column-wrapper-legacy\" style=\"background-position:left top;background-repeat:no-repeat;-webkit-background-size:cover;-moz-background-size:cover;-o-background-size:cover;background-size:cover;padding: 0px 0px 0px 0px;\"><span class=\" fusion-imageframe imageframe-none imageframe-1 hover-type-none\"><img decoding=\"async\" width=\"300\" height=\"203\" title=\"medicinax1x\" src=\"https:\/\/site.hsr.gob.pe\/wp-content\/uploads\/2020\/07\/medicinax1x.jpg\" class=\"img-responsive wp-image-3517\"\/><\/span><div class=\"fusion-clearfix\"><\/div><\/div><\/div><\/div><\/div>\n<div class=\"pvc_clear\"><\/div>\n<p id=\"pvc_stats_3448\" class=\"pvc_stats all  \" data-element-id=\"3448\" style=\"\"><i class=\"pvc-stats-icon medium\" aria-hidden=\"true\"><svg aria-hidden=\"true\" focusable=\"false\" data-prefix=\"far\" data-icon=\"chart-bar\" role=\"img\" xmlns=\"http:\/\/www.w3.org\/2000\/svg\" viewBox=\"0 0 512 512\" class=\"svg-inline--fa fa-chart-bar fa-w-16 fa-2x\"><path fill=\"currentColor\" d=\"M396.8 352h22.4c6.4 0 12.8-6.4 12.8-12.8V108.8c0-6.4-6.4-12.8-12.8-12.8h-22.4c-6.4 0-12.8 6.4-12.8 12.8v230.4c0 6.4 6.4 12.8 12.8 12.8zm-192 0h22.4c6.4 0 12.8-6.4 12.8-12.8V140.8c0-6.4-6.4-12.8-12.8-12.8h-22.4c-6.4 0-12.8 6.4-12.8 12.8v198.4c0 6.4 6.4 12.8 12.8 12.8zm96 0h22.4c6.4 0 12.8-6.4 12.8-12.8V204.8c0-6.4-6.4-12.8-12.8-12.8h-22.4c-6.4 0-12.8 6.4-12.8 12.8v134.4c0 6.4 6.4 12.8 12.8 12.8zM496 400H48V80c0-8.84-7.16-16-16-16H16C7.16 64 0 71.16 0 80v336c0 17.67 14.33 32 32 32h464c8.84 0 16-7.16 16-16v-16c0-8.84-7.16-16-16-16zm-387.2-48h22.4c6.4 0 12.8-6.4 12.8-12.8v-70.4c0-6.4-6.4-12.8-12.8-12.8h-22.4c-6.4 0-12.8 6.4-12.8 12.8v70.4c0 6.4 6.4 12.8 12.8 12.8z\" class=\"\"><\/path><\/svg><\/i> <img decoding=\"async\" width=\"16\" height=\"16\" alt=\"Loading\" src=\"https:\/\/site.hsr.gob.pe\/wp-content\/plugins\/page-views-count\/ajax-loader-2x.gif\" border=0 \/><\/p>\n<div class=\"pvc_clear\"><\/div>\n","protected":false},"excerpt":{"rendered":"<div class=\"pvc_clear\"><\/div>\n<p id=\"pvc_stats_3448\" class=\"pvc_stats all  \" data-element-id=\"3448\" style=\"\"><i class=\"pvc-stats-icon medium\" aria-hidden=\"true\"><svg aria-hidden=\"true\" focusable=\"false\" data-prefix=\"far\" data-icon=\"chart-bar\" role=\"img\" xmlns=\"http:\/\/www.w3.org\/2000\/svg\" viewBox=\"0 0 512 512\" class=\"svg-inline--fa fa-chart-bar fa-w-16 fa-2x\"><path fill=\"currentColor\" d=\"M396.8 352h22.4c6.4 0 12.8-6.4 12.8-12.8V108.8c0-6.4-6.4-12.8-12.8-12.8h-22.4c-6.4 0-12.8 6.4-12.8 12.8v230.4c0 6.4 6.4 12.8 12.8 12.8zm-192 0h22.4c6.4 0 12.8-6.4 12.8-12.8V140.8c0-6.4-6.4-12.8-12.8-12.8h-22.4c-6.4 0-12.8 6.4-12.8 12.8v198.4c0 6.4 6.4 12.8 12.8 12.8zm96 0h22.4c6.4 0 12.8-6.4 12.8-12.8V204.8c0-6.4-6.4-12.8-12.8-12.8h-22.4c-6.4 0-12.8 6.4-12.8 12.8v134.4c0 6.4 6.4 12.8 12.8 12.8zM496 400H48V80c0-8.84-7.16-16-16-16H16C7.16 64 0 71.16 0 80v336c0 17.67 14.33 32 32 32h464c8.84 0 16-7.16 16-16v-16c0-8.84-7.16-16-16-16zm-387.2-48h22.4c6.4 0 12.8-6.4 12.8-12.8v-70.4c0-6.4-6.4-12.8-12.8-12.8h-22.4c-6.4 0-12.8 6.4-12.8 12.8v70.4c0 6.4 6.4 12.8 12.8 12.8z\" class=\"\"><\/path><\/svg><\/i> <img decoding=\"async\" width=\"16\" height=\"16\" alt=\"Loading\" src=\"https:\/\/site.hsr.gob.pe\/wp-content\/plugins\/page-views-count\/ajax-loader-2x.gif\" border=0 \/><\/p>\n<div class=\"pvc_clear\"><\/div>\n","protected":false},"author":1,"featured_media":0,"parent":0,"menu_order":0,"comment_status":"closed","ping_status":"closed","template":"","meta":{"footnotes":""},"class_list":["post-3448","page","type-page","status-publish","hentry"],"yoast_head":"<!-- This site is optimized with the Yoast SEO plugin v27.4 - https:\/\/yoast.com\/product\/yoast-seo-wordpress\/ -->\n<title>ESPECIALISTAS DE MEDICINA - SITE HOSPITAL SANTA ROSA<\/title>\n<meta name=\"robots\" content=\"index, follow, max-snippet:-1, max-image-preview:large, max-video-preview:-1\" \/>\n<link rel=\"canonical\" href=\"https:\/\/site.hsr.gob.pe\/?page_id=3448\" \/>\n<meta property=\"og:locale\" content=\"es_ES\" \/>\n<meta property=\"og:type\" content=\"article\" \/>\n<meta property=\"og:title\" content=\"ESPECIALISTAS DE MEDICINA - SITE HOSPITAL SANTA ROSA\" \/>\n<meta property=\"og:url\" content=\"https:\/\/site.hsr.gob.pe\/?page_id=3448\" \/>\n<meta property=\"og:site_name\" content=\"SITE HOSPITAL SANTA ROSA\" \/>\n<meta property=\"article:modified_time\" content=\"2022-05-23T13:15:03+00:00\" \/>\n<meta name=\"twitter:card\" content=\"summary_large_image\" \/>\n<meta name=\"twitter:label1\" content=\"Tiempo de lectura\" \/>\n\t<meta name=\"twitter:data1\" content=\"5 minutos\" \/>\n<script type=\"application\/ld+json\" class=\"yoast-schema-graph\">{\"@context\":\"https:\\\/\\\/schema.org\",\"@graph\":[{\"@type\":\"WebPage\",\"@id\":\"https:\\\/\\\/site.hsr.gob.pe\\\/?page_id=3448\",\"url\":\"https:\\\/\\\/site.hsr.gob.pe\\\/?page_id=3448\",\"name\":\"ESPECIALISTAS DE MEDICINA - SITE HOSPITAL SANTA ROSA\",\"isPartOf\":{\"@id\":\"https:\\\/\\\/site.hsr.gob.pe\\\/#website\"},\"datePublished\":\"2020-07-14T16:16:48+00:00\",\"dateModified\":\"2022-05-23T13:15:03+00:00\",\"breadcrumb\":{\"@id\":\"https:\\\/\\\/site.hsr.gob.pe\\\/?page_id=3448#breadcrumb\"},\"inLanguage\":\"es\",\"potentialAction\":[{\"@type\":\"ReadAction\",\"target\":[\"https:\\\/\\\/site.hsr.gob.pe\\\/?page_id=3448\"]}]},{\"@type\":\"BreadcrumbList\",\"@id\":\"https:\\\/\\\/site.hsr.gob.pe\\\/?page_id=3448#breadcrumb\",\"itemListElement\":[{\"@type\":\"ListItem\",\"position\":1,\"name\":\"Portada\",\"item\":\"https:\\\/\\\/site.hsr.gob.pe\\\/\"},{\"@type\":\"ListItem\",\"position\":2,\"name\":\"ESPECIALISTAS DE MEDICINA\"}]},{\"@type\":\"WebSite\",\"@id\":\"https:\\\/\\\/site.hsr.gob.pe\\\/#website\",\"url\":\"https:\\\/\\\/site.hsr.gob.pe\\\/\",\"name\":\"SITE HOSPITAL SANTA ROSA\",\"description\":\"Calidez, Ciencia y Experiencia a su Servicio\",\"publisher\":{\"@id\":\"https:\\\/\\\/site.hsr.gob.pe\\\/#organization\"},\"potentialAction\":[{\"@type\":\"SearchAction\",\"target\":{\"@type\":\"EntryPoint\",\"urlTemplate\":\"https:\\\/\\\/site.hsr.gob.pe\\\/?s={search_term_string}\"},\"query-input\":{\"@type\":\"PropertyValueSpecification\",\"valueRequired\":true,\"valueName\":\"search_term_string\"}}],\"inLanguage\":\"es\"},{\"@type\":\"Organization\",\"@id\":\"https:\\\/\\\/site.hsr.gob.pe\\\/#organization\",\"name\":\"Hospital Santa Rosa\",\"url\":\"https:\\\/\\\/site.hsr.gob.pe\\\/\",\"logo\":{\"@type\":\"ImageObject\",\"inLanguage\":\"es\",\"@id\":\"https:\\\/\\\/site.hsr.gob.pe\\\/#\\\/schema\\\/logo\\\/image\\\/\",\"url\":\"https:\\\/\\\/site.hsr.gob.pe\\\/wp-content\\\/uploads\\\/2021\\\/01\\\/lact5-1.jpg\",\"contentUrl\":\"https:\\\/\\\/site.hsr.gob.pe\\\/wp-content\\\/uploads\\\/2021\\\/01\\\/lact5-1.jpg\",\"width\":800,\"height\":414,\"caption\":\"Hospital Santa Rosa\"},\"image\":{\"@id\":\"https:\\\/\\\/site.hsr.gob.pe\\\/#\\\/schema\\\/logo\\\/image\\\/\"}}]}<\/script>\n<!-- \/ Yoast SEO plugin. -->","yoast_head_json":{"title":"ESPECIALISTAS DE MEDICINA - SITE HOSPITAL SANTA ROSA","robots":{"index":"index","follow":"follow","max-snippet":"max-snippet:-1","max-image-preview":"max-image-preview:large","max-video-preview":"max-video-preview:-1"},"canonical":"https:\/\/site.hsr.gob.pe\/?page_id=3448","og_locale":"es_ES","og_type":"article","og_title":"ESPECIALISTAS DE MEDICINA - SITE HOSPITAL SANTA ROSA","og_url":"https:\/\/site.hsr.gob.pe\/?page_id=3448","og_site_name":"SITE HOSPITAL SANTA ROSA","article_modified_time":"2022-05-23T13:15:03+00:00","twitter_card":"summary_large_image","twitter_misc":{"Tiempo de lectura":"5 minutos"},"schema":{"@context":"https:\/\/schema.org","@graph":[{"@type":"WebPage","@id":"https:\/\/site.hsr.gob.pe\/?page_id=3448","url":"https:\/\/site.hsr.gob.pe\/?page_id=3448","name":"ESPECIALISTAS DE MEDICINA - SITE HOSPITAL SANTA ROSA","isPartOf":{"@id":"https:\/\/site.hsr.gob.pe\/#website"},"datePublished":"2020-07-14T16:16:48+00:00","dateModified":"2022-05-23T13:15:03+00:00","breadcrumb":{"@id":"https:\/\/site.hsr.gob.pe\/?page_id=3448#breadcrumb"},"inLanguage":"es","potentialAction":[{"@type":"ReadAction","target":["https:\/\/site.hsr.gob.pe\/?page_id=3448"]}]},{"@type":"BreadcrumbList","@id":"https:\/\/site.hsr.gob.pe\/?page_id=3448#breadcrumb","itemListElement":[{"@type":"ListItem","position":1,"name":"Portada","item":"https:\/\/site.hsr.gob.pe\/"},{"@type":"ListItem","position":2,"name":"ESPECIALISTAS DE MEDICINA"}]},{"@type":"WebSite","@id":"https:\/\/site.hsr.gob.pe\/#website","url":"https:\/\/site.hsr.gob.pe\/","name":"SITE HOSPITAL SANTA ROSA","description":"Calidez, Ciencia y Experiencia a su Servicio","publisher":{"@id":"https:\/\/site.hsr.gob.pe\/#organization"},"potentialAction":[{"@type":"SearchAction","target":{"@type":"EntryPoint","urlTemplate":"https:\/\/site.hsr.gob.pe\/?s={search_term_string}"},"query-input":{"@type":"PropertyValueSpecification","valueRequired":true,"valueName":"search_term_string"}}],"inLanguage":"es"},{"@type":"Organization","@id":"https:\/\/site.hsr.gob.pe\/#organization","name":"Hospital Santa Rosa","url":"https:\/\/site.hsr.gob.pe\/","logo":{"@type":"ImageObject","inLanguage":"es","@id":"https:\/\/site.hsr.gob.pe\/#\/schema\/logo\/image\/","url":"https:\/\/site.hsr.gob.pe\/wp-content\/uploads\/2021\/01\/lact5-1.jpg","contentUrl":"https:\/\/site.hsr.gob.pe\/wp-content\/uploads\/2021\/01\/lact5-1.jpg","width":800,"height":414,"caption":"Hospital Santa Rosa"},"image":{"@id":"https:\/\/site.hsr.gob.pe\/#\/schema\/logo\/image\/"}}]}},"_links":{"self":[{"href":"https:\/\/site.hsr.gob.pe\/index.php?rest_route=\/wp\/v2\/pages\/3448","targetHints":{"allow":["GET"]}}],"collection":[{"href":"https:\/\/site.hsr.gob.pe\/index.php?rest_route=\/wp\/v2\/pages"}],"about":[{"href":"https:\/\/site.hsr.gob.pe\/index.php?rest_route=\/wp\/v2\/types\/page"}],"author":[{"embeddable":true,"href":"https:\/\/site.hsr.gob.pe\/index.php?rest_route=\/wp\/v2\/users\/1"}],"replies":[{"embeddable":true,"href":"https:\/\/site.hsr.gob.pe\/index.php?rest_route=%2Fwp%2Fv2%2Fcomments&post=3448"}],"version-history":[{"count":6,"href":"https:\/\/site.hsr.gob.pe\/index.php?rest_route=\/wp\/v2\/pages\/3448\/revisions"}],"predecessor-version":[{"id":7241,"href":"https:\/\/site.hsr.gob.pe\/index.php?rest_route=\/wp\/v2\/pages\/3448\/revisions\/7241"}],"wp:attachment":[{"href":"https:\/\/site.hsr.gob.pe\/index.php?rest_route=%2Fwp%2Fv2%2Fmedia&parent=3448"}],"curies":[{"name":"wp","href":"https:\/\/api.w.org\/{rel}","templated":true}]}}