{"id":2278,"date":"2020-04-04T09:14:38","date_gmt":"2020-04-04T14:14:38","guid":{"rendered":"http:\/\/192.168.0.72\/?page_id=2278"},"modified":"2022-03-17T15:55:48","modified_gmt":"2022-03-17T20:55:48","slug":"codiv-19","status":"publish","type":"page","link":"https:\/\/site.hsr.gob.pe\/?page_id=2278","title":{"rendered":"CODIV-19"},"content":{"rendered":"<p><div class=\"fusion-fullwidth fullwidth-box fusion-builder-row-1 nonhundred-percent-fullwidth non-hundred-percent-height-scrolling\" style=\"background-color: rgba(255,255,255,0);background-position: center center;background-repeat: no-repeat;padding-top:0px;padding-right:0px;padding-bottom:0px;padding-left:0px;margin-bottom: 0px;margin-top: 0px;border-width: 0px 0px 0px 0px;border-color:#eae9e9;border-style:solid;\" ><div class=\"fusion-builder-row fusion-row\"><div class=\"fusion-layout-column fusion_builder_column fusion-builder-column-0 fusion_builder_column_3_4 3_4 fusion-three-fourth fusion-column-first\" style=\"width:75%;width:calc(75% - ( ( 4% ) * 0.75 ) );margin-right: 4%;margin-top:0px;margin-bottom:30px;\"><div class=\"fusion-column-wrapper fusion-flex-column-wrapper-legacy\" style=\"background-position:left top;background-repeat:no-repeat;-webkit-background-size:cover;-moz-background-size:cover;-o-background-size:cover;background-size:cover;padding: 0px 0px 0px 0px;\"><div class=\"fusion-text fusion-text-1\" style=\"transform:translate3d(0,0,0);\"><p><strong>\u00a0<\/strong><\/p>\n<h2 style=\"text-align: center;\"><strong><span style=\"color: #3bafbf;\">Conoce qu\u00e9 es el coronavirus COVID-19<\/span><\/strong><\/h2>\n<p style=\"text-align: justify;\"><span style=\"color: #3bafbf;\"><strong>\u00bfQu\u00e9 es el Coronavirus?<\/strong><\/span><\/p>\n<p style=\"text-align: justify;\">Los coronavirus (CoV) son una amplia familia de virus que pueden causar diversas afecciones, desde el resfriado com\u00fan, hasta infecciones respiratorias graves.<\/p>\n<p style=\"text-align: justify;\"><span style=\"color: #3bafbf;\"><strong>\u00bfQu\u00e9 es el COVID\u201119?<\/strong><\/span><\/p>\n<p style=\"text-align: justify;\">El COVID\u201119 es la enfermedad infecciosa causada por el coronavirus que se ha descubierto m\u00e1s recientemente. Tanto este nuevo virus como la enfermedad que provoca eran desconocidos antes de que estallara el brote en Wuhan (China) en diciembre de 2019. Actualmente el COVID\u201119 es una pandemia que afecta a muchos pa\u00edses de todo el mundo.<\/p>\n<p style=\"text-align: justify;\"><span style=\"color: #3bafbf;\"><strong>\u00bfC\u00f3mo se transmite?<\/strong><\/span><\/p>\n<p style=\"text-align: justify;\">Una persona puede contraer el COVID\u201119 por contacto con otra que est\u00e9 infectada por el virus.<\/p>\n<p style=\"text-align: justify;\">Se transmite de persona a persona a trav\u00e9s de gotitas que expulsa una persona enferma al hablar, toser o estornudar.<\/p>\n<p style=\"text-align: justify;\">Las gotitas pueden ser inhaladas por las personas que est\u00e1n cerca al enfermo y tambi\u00e9n quedarse en cualquier tipo de superficie (pasamanos, mesas, lapiceros, entre otros) y ser tocadas por las manos.<\/p>\n<p style=\"text-align: justify;\">El virus ingresa a nuestro organismo cuando nos tocamos los ojos, la nariz y la boca con las manos sin lavar.<\/p>\n<h2 style=\"text-align: justify;\"><span style=\"color: #3bafbf;\">\u00bfC\u00f3mo me protejo del COVID-19?<\/span><\/h2>\n<ul style=\"text-align: justify;\">\n<li>Mant\u00e9n un metro de distancia con los dem\u00e1s.<\/li>\n<li>Usa correctamente la mascarilla.<\/li>\n<li>L\u00e1vate las manos frecuentemente, con agua y jab\u00f3n, m\u00ednimo 20 segundos.<\/li>\n<li>C\u00fabrete la nariz y boca con el antebrazo o pa\u00f1uelo desechable, al estornudar o toser.<\/li>\n<li>Evita tocarte las manos, los ojos, la nariz y la boca, con las manos sin lavar.<\/li>\n<li>Evita el contacto directo con personas con problemas respiratorios.<\/li>\n<li>Evitar saludo de mano o beso en la mejilla.<\/li>\n<li>Mant\u00e9n limpio las superficies de tu casa, oficina o negocio (manija de puertas, pasamanos, mesa, pisos, juguetes, entre otros) pasando un trapo con desinfectante (por ejemplo, lej\u00eda).<\/li>\n<li>Bote a la basura los pa\u00f1uelos desechables, mascarillas y guantes que haya utilizado.<\/li>\n<\/ul>\n<p style=\"text-align: justify;\"><span style=\"color: #3bafbf;\"><strong>Grupos m\u00e1s vulnerables para el COVID-19<\/strong><\/span><\/p>\n<p style=\"text-align: justify;\"><strong>\u00a0<\/strong>Son aquellas que por su condici\u00f3n de salud est\u00e1n en mayor riesgo de hacer complicaciones graves en su salud y hasta la muerte, si son contagiados de COVID-19.<\/p>\n<p style=\"text-align: justify;\">En este grupo est\u00e1n consideradas las personas que presentan:<\/p>\n<ul style=\"text-align: justify;\">\n<li>Hipertensi\u00f3n arterial.<\/li>\n<li>Enfermedades cardiovasculares.<\/li>\n<li>Enfermedades respiratorias cr\u00f3nicas<\/li>\n<li>Insuficiencia renal cr\u00f3nica.<\/li>\n<li>C\u00e1ncer.<\/li>\n<li>Enfermedades o tratamientos inmunosupresores.<\/li>\n<li>Adultos mayores de 60 a\u00f1os.<\/li>\n<\/ul>\n<h2 style=\"text-align: justify;\"><span style=\"color: #3bafbf;\">Signos de alarma para el COVID-19<\/span><\/h2>\n<ul style=\"text-align: justify;\">\n<li>Sensaci\u00f3n de falta de aire o dificultad para respirar<\/li>\n<li>Fiebre mayor a 38\u00ba persistente por m\u00e1s de dos d\u00edas<\/li>\n<li>Dolor de pecho<\/li>\n<li>Coloraci\u00f3n azul de los labios (cianosis)<\/li>\n<\/ul>\n<p style=\"text-align: justify;\">Si presenta alguno de estos signos o s\u00edntomas, llame a la L\u00ednea gratuita 113.<\/p>\n<\/div><div class=\"fusion-sep-clear\"><\/div><div class=\"fusion-separator fusion-full-width-sep\" style=\"margin-left: auto;margin-right: auto;margin-top:10px;margin-bottom:10px;width:100%;\"><div class=\"fusion-separator-border sep-single\" style=\"border-color:#e0dede;border-top-width:1px;\"><\/div><\/div><div class=\"fusion-sep-clear\"><\/div><div class=\"fusion-clearfix\"><\/div><\/div><\/div><div class=\"fusion-layout-column fusion_builder_column fusion-builder-column-1 fusion_builder_column_1_4 1_4 fusion-one-fourth fusion-column-last\" style=\"width:25%;width:calc(25% - ( ( 4% ) * 0.25 ) );margin-top:0px;margin-bottom:30px;\"><div class=\"fusion-column-wrapper fusion-flex-column-wrapper-legacy\" style=\"background-position:left top;background-repeat:no-repeat;-webkit-background-size:cover;-moz-background-size:cover;-o-background-size:cover;background-size:cover;padding: 0px 0px 0px 0px;\"><div class=\"fusion-text fusion-text-2\" style=\"transform:translate3d(0,0,0);\"><p><span style=\"color: #3bafbf;\"><strong>VIDEOS RELACIONADOS<\/strong><\/span><\/p>\n<\/div><div class=\"fusion-text fusion-text-3\" style=\"transform:translate3d(0,0,0);\"><p><iframe src=\"https:\/\/www.youtube.com\/embed\/videoseries?list=PLyJaLf-k6gPupY6UufJZv2FXEswQCiqDK\" width=\"270\" height=\"250\" frameborder=\"0\" allowfullscreen=\"allowfullscreen\"><\/iframe><\/p>\n<\/div><div class=\"fusion-sep-clear\"><\/div><div class=\"fusion-separator fusion-full-width-sep\" style=\"margin-left: auto;margin-right: auto;margin-top:5px;margin-bottom:5px;width:100%;\"><div class=\"fusion-separator-border sep-double sep-solid\" style=\"border-color:rgba(224,222,222,0.18);border-top-width:1px;border-bottom-width:1px;\"><\/div><\/div><div class=\"fusion-sep-clear\"><\/div><div class=\"fusion-video fusion-youtube\" style=\"max-width:270px;max-height:220px;\"><div class=\"video-shortcode\"><iframe title=\"YouTube video player\" src=\"https:\/\/www.youtube.com\/embed\/3JIfEbksdkg?wmode=transparent&autoplay=0\" width=\"270\" height=\"220\" allowfullscreen allow=\"autoplay; fullscreen\"><\/iframe><\/div><\/div><div class=\"fusion-sep-clear\"><\/div><div class=\"fusion-separator fusion-full-width-sep\" style=\"margin-left: auto;margin-right: auto;margin-top:5px;margin-bottom:5px;width:100%;\"><div class=\"fusion-separator-border sep-double sep-solid\" style=\"border-color:rgba(224,222,222,0.18);border-top-width:1px;border-bottom-width:1px;\"><\/div><\/div><div class=\"fusion-sep-clear\"><\/div><div class=\"fusion-sep-clear\"><\/div><div class=\"fusion-separator fusion-full-width-sep\" style=\"margin-left: auto;margin-right: auto;margin-top:5px;margin-bottom:5px;width:100%;\"><div class=\"fusion-separator-border sep-double sep-solid\" style=\"border-color:rgba(255,255,255,0.18);border-top-width:1px;border-bottom-width:1px;\"><\/div><\/div><div class=\"fusion-sep-clear\"><\/div><div class=\"fusion-align-block\"><style type=\"text\/css\">.fusion-button.button-1 {border-radius:2px;}.fusion-button.button-1.button-3d{-webkit-box-shadow: inset 0px 1px 0px #fff,0px 2px 0px #00a8bf,1px 4px 4px 2px rgba(0,0,0,0.3);-moz-box-shadow: inset 0px 1px 0px #fff,0px 2px 0px #00a8bf,1px 4px 4px 2px rgba(0,0,0,0.3);box-shadow: inset 0px 1px 0px #fff,0px 2px 0px #00a8bf,1px 4px 4px 2px rgba(0,0,0,0.3);}.button-1.button-3d:active{-webkit-box-shadow: inset 0px 1px 0px #fff,0px 2px 0px #00a8bf,1px 4px 4px 2px rgba(0,0,0,0.3);-moz-box-shadow: inset 0px 1px 0px #fff,0px 2px 0px #00a8bf,1px 4px 4px 2px rgba(0,0,0,0.3);box-shadow: inset 0px 1px 0px #fff,0px 2px 0px #00a8bf,1px 4px 4px 2px rgba(0,0,0,0.3);}.fusion-button.button-1 .fusion-button-text {text-transform:uppercase;}<\/style><a class=\"fusion-button button-3d button-small button-default button-1 fusion-button-default-span fusion-animated\" data-animationType=\"rubberBand\" data-animationDuration=\"0.3\" data-animationOffset=\"100%\" target=\"_blank\" rel=\"noopener noreferrer\" href=\"http:\/\/209.45.95.139\/transparencia\/doc\/conferenciascovid19jun15.pdf\"><span class=\"fusion-button-text\">CICLO DE CONFERENCIAS COVID-19<\/span><\/a><\/div><div class=\"fusion-sep-clear\"><\/div><div class=\"fusion-separator fusion-full-width-sep\" style=\"margin-left: auto;margin-right: auto;margin-top:2px;margin-bottom:2px;width:100%;\"><div class=\"fusion-separator-border sep-double sep-solid\" style=\"border-color:rgba(255,255,255,0.18);border-top-width:1px;border-bottom-width:1px;\"><\/div><\/div><div class=\"fusion-sep-clear\"><\/div><div class=\"fusion-align-block\"><style type=\"text\/css\">.fusion-button.button-2 {border-radius:2px;}.fusion-button.button-2.button-3d{-webkit-box-shadow: inset 0px 1px 0px #fff,0px 2px 0px #00a8bf,1px 4px 4px 2px rgba(0,0,0,0.3);-moz-box-shadow: inset 0px 1px 0px #fff,0px 2px 0px #00a8bf,1px 4px 4px 2px rgba(0,0,0,0.3);box-shadow: inset 0px 1px 0px #fff,0px 2px 0px #00a8bf,1px 4px 4px 2px rgba(0,0,0,0.3);}.button-2.button-3d:active{-webkit-box-shadow: inset 0px 1px 0px #fff,0px 2px 0px #00a8bf,1px 4px 4px 2px rgba(0,0,0,0.3);-moz-box-shadow: inset 0px 1px 0px #fff,0px 2px 0px #00a8bf,1px 4px 4px 2px rgba(0,0,0,0.3);box-shadow: inset 0px 1px 0px #fff,0px 2px 0px #00a8bf,1px 4px 4px 2px rgba(0,0,0,0.3);}.fusion-button.button-2 .fusion-button-text {text-transform:uppercase;}<\/style><a class=\"fusion-button button-3d button-small button-default button-2 fusion-button-default-span fusion-animated popmake-5488\" data-animationType=\"rubberBand\" data-animationDuration=\"0.3\" data-animationOffset=\"100%\" target=\"_blank\" rel=\"noopener noreferrer\"><span class=\"fusion-button-text\">PLAN PARA LA VIGILANCIA, PREVENCI\u00d3N Y CONTROL DE COVID-19 EN EL HOSPITAL SANTA ROSA<\/span><\/a><\/div><div class=\"fusion-sep-clear\"><\/div><div class=\"fusion-separator fusion-full-width-sep\" style=\"margin-left: auto;margin-right: auto;margin-top:2px;margin-bottom:2px;width:100%;\"><div class=\"fusion-separator-border sep-double sep-solid\" style=\"border-color:rgba(255,255,255,0.18);border-top-width:1px;border-bottom-width:1px;\"><\/div><\/div><div class=\"fusion-sep-clear\"><\/div><div class=\"fusion-align-block\"><style type=\"text\/css\">.fusion-button.button-3 {border-radius:2px;}.fusion-button.button-3.button-3d{-webkit-box-shadow: inset 0px 1px 0px #fff,0px 2px 0px #00a8bf,1px 4px 4px 2px rgba(0,0,0,0.3);-moz-box-shadow: inset 0px 1px 0px #fff,0px 2px 0px #00a8bf,1px 4px 4px 2px rgba(0,0,0,0.3);box-shadow: inset 0px 1px 0px #fff,0px 2px 0px #00a8bf,1px 4px 4px 2px rgba(0,0,0,0.3);}.button-3.button-3d:active{-webkit-box-shadow: inset 0px 1px 0px #fff,0px 2px 0px #00a8bf,1px 4px 4px 2px rgba(0,0,0,0.3);-moz-box-shadow: inset 0px 1px 0px #fff,0px 2px 0px #00a8bf,1px 4px 4px 2px rgba(0,0,0,0.3);box-shadow: inset 0px 1px 0px #fff,0px 2px 0px #00a8bf,1px 4px 4px 2px rgba(0,0,0,0.3);}.fusion-button.button-3 .fusion-button-text {text-transform:uppercase;}<\/style><a class=\"fusion-button button-3d button-small button-default button-3 fusion-button-default-span fusion-animated\" data-animationType=\"shake\" data-animationDuration=\"0.3\" data-animationOffset=\"100%\" target=\"_blank\" rel=\"noopener noreferrer\" href=\"http:\/\/209.45.95.139\/epidemiologia\/pdf\/DIRECTIVA-SANITARIA-MANEJO-DE-CADAVERES-COVID-19.pdf\"><span class=\"fusion-button-text\">DIRECTIVA SANITARIA PARA EL MANEJO DE CAD\u00c1VERES POR COVID-19 EN EL HOSPITAL SANTA ROSA<\/span><\/a><\/div><div class=\"fusion-sep-clear\"><\/div><div class=\"fusion-separator fusion-full-width-sep\" style=\"margin-left: auto;margin-right: auto;margin-top:2px;margin-bottom:2px;width:100%;\"><div class=\"fusion-separator-border sep-double sep-solid\" style=\"border-color:rgba(255,255,255,0.18);border-top-width:1px;border-bottom-width:1px;\"><\/div><\/div><div class=\"fusion-sep-clear\"><\/div><div class=\"fusion-align-block\"><style type=\"text\/css\">.fusion-button.button-4 {border-radius:2px;}.fusion-button.button-4.button-3d{-webkit-box-shadow: inset 0px 1px 0px #fff,0px 2px 0px #00a8bf,1px 4px 4px 2px rgba(0,0,0,0.3);-moz-box-shadow: inset 0px 1px 0px #fff,0px 2px 0px #00a8bf,1px 4px 4px 2px rgba(0,0,0,0.3);box-shadow: inset 0px 1px 0px #fff,0px 2px 0px #00a8bf,1px 4px 4px 2px rgba(0,0,0,0.3);}.button-4.button-3d:active{-webkit-box-shadow: inset 0px 1px 0px #fff,0px 2px 0px #00a8bf,1px 4px 4px 2px rgba(0,0,0,0.3);-moz-box-shadow: inset 0px 1px 0px #fff,0px 2px 0px #00a8bf,1px 4px 4px 2px rgba(0,0,0,0.3);box-shadow: inset 0px 1px 0px #fff,0px 2px 0px #00a8bf,1px 4px 4px 2px rgba(0,0,0,0.3);}.fusion-button.button-4 .fusion-button-text {text-transform:uppercase;}<\/style><a class=\"fusion-button button-3d button-small button-default button-4 fusion-button-default-span fusion-animated\" data-animationType=\"rubberBand\" data-animationDuration=\"0.3\" data-animationOffset=\"100%\" target=\"_blank\" rel=\"noopener noreferrer\" href=\"http:\/\/209.45.95.139\/transparencia\/pdf\/2020\/directiva\/Directiva-Sanitaria-para-el-uso-de-EPPS-HSR.pdf\"><span class=\"fusion-button-text\">DIRECTIVA SANITARIA PARA EL USO DE EQUIPOS DE PROTECCI\u00d3N PERSONAL PARA LOS TRABAJADORES DEL HOSPITAL SANTA ROSA<\/span><\/a><\/div><div class=\"fusion-sep-clear\"><\/div><div class=\"fusion-separator fusion-full-width-sep\" style=\"margin-left: auto;margin-right: auto;margin-top:2px;margin-bottom:2px;width:100%;\"><div class=\"fusion-separator-border sep-double sep-solid\" style=\"border-color:rgba(255,255,255,0.18);border-top-width:1px;border-bottom-width:1px;\"><\/div><\/div><div class=\"fusion-sep-clear\"><\/div><div class=\"fusion-align-block\"><style type=\"text\/css\">.fusion-button.button-5 {border-radius:2px;}.fusion-button.button-5.button-3d{-webkit-box-shadow: inset 0px 1px 0px #fff,0px 2px 0px #00a8bf,1px 4px 4px 2px rgba(0,0,0,0.3);-moz-box-shadow: inset 0px 1px 0px #fff,0px 2px 0px #00a8bf,1px 4px 4px 2px rgba(0,0,0,0.3);box-shadow: inset 0px 1px 0px #fff,0px 2px 0px #00a8bf,1px 4px 4px 2px rgba(0,0,0,0.3);}.button-5.button-3d:active{-webkit-box-shadow: inset 0px 1px 0px #fff,0px 2px 0px #00a8bf,1px 4px 4px 2px rgba(0,0,0,0.3);-moz-box-shadow: inset 0px 1px 0px #fff,0px 2px 0px #00a8bf,1px 4px 4px 2px rgba(0,0,0,0.3);box-shadow: inset 0px 1px 0px #fff,0px 2px 0px #00a8bf,1px 4px 4px 2px rgba(0,0,0,0.3);}.fusion-button.button-5 .fusion-button-text {text-transform:none;}<\/style><a class=\"fusion-button button-3d button-small button-default button-5 fusion-button-default-span fusion-animated popmake-2295\" data-animationType=\"shake\" data-animationDuration=\"0.3\" data-animationOffset=\"100%\" target=\"_self\"><span class=\"fusion-button-text\">CURSO DE BIOSEGURIDAD EN SALUD PARA LA PREVENCI\u00d3N DE LA INFECCI\u00d3N POR CORONAVIRUS<\/span><\/a><\/div><div class=\"fusion-sep-clear\"><\/div><div class=\"fusion-separator fusion-full-width-sep\" style=\"margin-left: auto;margin-right: auto;margin-top:2px;margin-bottom:2px;width:100%;\"><div class=\"fusion-separator-border sep-double sep-solid\" style=\"border-color:rgba(255,255,255,0.18);border-top-width:1px;border-bottom-width:1px;\"><\/div><\/div><div class=\"fusion-sep-clear\"><\/div><div class=\"fusion-clearfix\"><\/div><\/div><\/div><\/div><\/div><div class=\"fusion-fullwidth fullwidth-box fusion-builder-row-2 hundred-percent-fullwidth non-hundred-percent-height-scrolling\" style=\"background-color: rgba(255,255,255,0);background-position: center center;background-repeat: no-repeat;padding-top:0px;padding-right:0px;padding-bottom:0px;padding-left:0px;margin-bottom: 0px;margin-top: 0px;border-width: 0px 0px 0px 0px;border-color:#eae9e9;border-style:solid;\" ><div class=\"fusion-builder-row fusion-row\"><div class=\"fusion-layout-column fusion_builder_column fusion-builder-column-2 fusion_builder_column_1_1 1_1 fusion-one-full fusion-column-first fusion-column-last\" style=\"margin-top:0px;margin-bottom:30px;\"><div class=\"fusion-column-wrapper fusion-flex-column-wrapper-legacy\" style=\"background-position:left top;background-repeat:no-repeat;-webkit-background-size:cover;-moz-background-size:cover;-o-background-size:cover;background-size:cover;padding: 0px 0px 0px 0px;\"><div class=\"fusion-clearfix\"><\/div><\/div><\/div><\/div><\/div><\/p>\n<div class=\"pvc_clear\"><\/div>\n<p id=\"pvc_stats_2278\" class=\"pvc_stats all  \" data-element-id=\"2278\" style=\"\"><i class=\"pvc-stats-icon medium\" aria-hidden=\"true\"><svg aria-hidden=\"true\" focusable=\"false\" data-prefix=\"far\" data-icon=\"chart-bar\" role=\"img\" xmlns=\"http:\/\/www.w3.org\/2000\/svg\" viewBox=\"0 0 512 512\" class=\"svg-inline--fa fa-chart-bar fa-w-16 fa-2x\"><path fill=\"currentColor\" d=\"M396.8 352h22.4c6.4 0 12.8-6.4 12.8-12.8V108.8c0-6.4-6.4-12.8-12.8-12.8h-22.4c-6.4 0-12.8 6.4-12.8 12.8v230.4c0 6.4 6.4 12.8 12.8 12.8zm-192 0h22.4c6.4 0 12.8-6.4 12.8-12.8V140.8c0-6.4-6.4-12.8-12.8-12.8h-22.4c-6.4 0-12.8 6.4-12.8 12.8v198.4c0 6.4 6.4 12.8 12.8 12.8zm96 0h22.4c6.4 0 12.8-6.4 12.8-12.8V204.8c0-6.4-6.4-12.8-12.8-12.8h-22.4c-6.4 0-12.8 6.4-12.8 12.8v134.4c0 6.4 6.4 12.8 12.8 12.8zM496 400H48V80c0-8.84-7.16-16-16-16H16C7.16 64 0 71.16 0 80v336c0 17.67 14.33 32 32 32h464c8.84 0 16-7.16 16-16v-16c0-8.84-7.16-16-16-16zm-387.2-48h22.4c6.4 0 12.8-6.4 12.8-12.8v-70.4c0-6.4-6.4-12.8-12.8-12.8h-22.4c-6.4 0-12.8 6.4-12.8 12.8v70.4c0 6.4 6.4 12.8 12.8 12.8z\" class=\"\"><\/path><\/svg><\/i> <img decoding=\"async\" width=\"16\" height=\"16\" alt=\"Loading\" src=\"https:\/\/site.hsr.gob.pe\/wp-content\/plugins\/page-views-count\/ajax-loader-2x.gif\" border=0 \/><\/p>\n<div class=\"pvc_clear\"><\/div>\n","protected":false},"excerpt":{"rendered":"<div class=\"pvc_clear\"><\/div>\n<p id=\"pvc_stats_2278\" class=\"pvc_stats all  \" data-element-id=\"2278\" style=\"\"><i class=\"pvc-stats-icon medium\" aria-hidden=\"true\"><svg aria-hidden=\"true\" focusable=\"false\" data-prefix=\"far\" data-icon=\"chart-bar\" role=\"img\" xmlns=\"http:\/\/www.w3.org\/2000\/svg\" viewBox=\"0 0 512 512\" class=\"svg-inline--fa fa-chart-bar fa-w-16 fa-2x\"><path fill=\"currentColor\" d=\"M396.8 352h22.4c6.4 0 12.8-6.4 12.8-12.8V108.8c0-6.4-6.4-12.8-12.8-12.8h-22.4c-6.4 0-12.8 6.4-12.8 12.8v230.4c0 6.4 6.4 12.8 12.8 12.8zm-192 0h22.4c6.4 0 12.8-6.4 12.8-12.8V140.8c0-6.4-6.4-12.8-12.8-12.8h-22.4c-6.4 0-12.8 6.4-12.8 12.8v198.4c0 6.4 6.4 12.8 12.8 12.8zm96 0h22.4c6.4 0 12.8-6.4 12.8-12.8V204.8c0-6.4-6.4-12.8-12.8-12.8h-22.4c-6.4 0-12.8 6.4-12.8 12.8v134.4c0 6.4 6.4 12.8 12.8 12.8zM496 400H48V80c0-8.84-7.16-16-16-16H16C7.16 64 0 71.16 0 80v336c0 17.67 14.33 32 32 32h464c8.84 0 16-7.16 16-16v-16c0-8.84-7.16-16-16-16zm-387.2-48h22.4c6.4 0 12.8-6.4 12.8-12.8v-70.4c0-6.4-6.4-12.8-12.8-12.8h-22.4c-6.4 0-12.8 6.4-12.8 12.8v70.4c0 6.4 6.4 12.8 12.8 12.8z\" class=\"\"><\/path><\/svg><\/i> <img decoding=\"async\" width=\"16\" height=\"16\" alt=\"Loading\" src=\"https:\/\/site.hsr.gob.pe\/wp-content\/plugins\/page-views-count\/ajax-loader-2x.gif\" border=0 \/><\/p>\n<div class=\"pvc_clear\"><\/div>\n","protected":false},"author":1,"featured_media":0,"parent":0,"menu_order":0,"comment_status":"closed","ping_status":"closed","template":"100-width.php","meta":{"footnotes":""},"class_list":["post-2278","page","type-page","status-publish","hentry"],"yoast_head":"<!-- This site is optimized with the Yoast SEO plugin v27.5 - https:\/\/yoast.com\/product\/yoast-seo-wordpress\/ -->\n<title>CODIV-19 - SITE HOSPITAL SANTA ROSA<\/title>\n<meta name=\"robots\" content=\"index, follow, max-snippet:-1, max-image-preview:large, max-video-preview:-1\" \/>\n<link rel=\"canonical\" href=\"https:\/\/site.hsr.gob.pe\/?page_id=2278\" \/>\n<meta property=\"og:locale\" content=\"es_ES\" \/>\n<meta property=\"og:type\" content=\"article\" \/>\n<meta property=\"og:title\" content=\"CODIV-19 - SITE HOSPITAL SANTA ROSA\" \/>\n<meta property=\"og:url\" content=\"https:\/\/site.hsr.gob.pe\/?page_id=2278\" \/>\n<meta property=\"og:site_name\" content=\"SITE HOSPITAL SANTA ROSA\" \/>\n<meta property=\"article:modified_time\" content=\"2022-03-17T20:55:48+00:00\" \/>\n<meta name=\"twitter:card\" content=\"summary_large_image\" \/>\n<meta name=\"twitter:label1\" content=\"Tiempo de lectura\" \/>\n\t<meta name=\"twitter:data1\" content=\"10 minutos\" \/>\n<script type=\"application\/ld+json\" class=\"yoast-schema-graph\">{\"@context\":\"https:\\\/\\\/schema.org\",\"@graph\":[{\"@type\":\"WebPage\",\"@id\":\"https:\\\/\\\/site.hsr.gob.pe\\\/?page_id=2278\",\"url\":\"https:\\\/\\\/site.hsr.gob.pe\\\/?page_id=2278\",\"name\":\"CODIV-19 - SITE HOSPITAL SANTA ROSA\",\"isPartOf\":{\"@id\":\"https:\\\/\\\/site.hsr.gob.pe\\\/#website\"},\"datePublished\":\"2020-04-04T14:14:38+00:00\",\"dateModified\":\"2022-03-17T20:55:48+00:00\",\"breadcrumb\":{\"@id\":\"https:\\\/\\\/site.hsr.gob.pe\\\/?page_id=2278#breadcrumb\"},\"inLanguage\":\"es\",\"potentialAction\":[{\"@type\":\"ReadAction\",\"target\":[\"https:\\\/\\\/site.hsr.gob.pe\\\/?page_id=2278\"]}]},{\"@type\":\"BreadcrumbList\",\"@id\":\"https:\\\/\\\/site.hsr.gob.pe\\\/?page_id=2278#breadcrumb\",\"itemListElement\":[{\"@type\":\"ListItem\",\"position\":1,\"name\":\"Portada\",\"item\":\"https:\\\/\\\/site.hsr.gob.pe\\\/\"},{\"@type\":\"ListItem\",\"position\":2,\"name\":\"CODIV-19\"}]},{\"@type\":\"WebSite\",\"@id\":\"https:\\\/\\\/site.hsr.gob.pe\\\/#website\",\"url\":\"https:\\\/\\\/site.hsr.gob.pe\\\/\",\"name\":\"SITE HOSPITAL SANTA ROSA\",\"description\":\"Calidez, Ciencia y Experiencia a su Servicio\",\"publisher\":{\"@id\":\"https:\\\/\\\/site.hsr.gob.pe\\\/#organization\"},\"potentialAction\":[{\"@type\":\"SearchAction\",\"target\":{\"@type\":\"EntryPoint\",\"urlTemplate\":\"https:\\\/\\\/site.hsr.gob.pe\\\/?s={search_term_string}\"},\"query-input\":{\"@type\":\"PropertyValueSpecification\",\"valueRequired\":true,\"valueName\":\"search_term_string\"}}],\"inLanguage\":\"es\"},{\"@type\":\"Organization\",\"@id\":\"https:\\\/\\\/site.hsr.gob.pe\\\/#organization\",\"name\":\"Hospital Santa Rosa\",\"url\":\"https:\\\/\\\/site.hsr.gob.pe\\\/\",\"logo\":{\"@type\":\"ImageObject\",\"inLanguage\":\"es\",\"@id\":\"https:\\\/\\\/site.hsr.gob.pe\\\/#\\\/schema\\\/logo\\\/image\\\/\",\"url\":\"https:\\\/\\\/site.hsr.gob.pe\\\/wp-content\\\/uploads\\\/2021\\\/01\\\/lact5-1.jpg\",\"contentUrl\":\"https:\\\/\\\/site.hsr.gob.pe\\\/wp-content\\\/uploads\\\/2021\\\/01\\\/lact5-1.jpg\",\"width\":800,\"height\":414,\"caption\":\"Hospital Santa Rosa\"},\"image\":{\"@id\":\"https:\\\/\\\/site.hsr.gob.pe\\\/#\\\/schema\\\/logo\\\/image\\\/\"}}]}<\/script>\n<!-- \/ Yoast SEO plugin. -->","yoast_head_json":{"title":"CODIV-19 - SITE HOSPITAL SANTA ROSA","robots":{"index":"index","follow":"follow","max-snippet":"max-snippet:-1","max-image-preview":"max-image-preview:large","max-video-preview":"max-video-preview:-1"},"canonical":"https:\/\/site.hsr.gob.pe\/?page_id=2278","og_locale":"es_ES","og_type":"article","og_title":"CODIV-19 - SITE HOSPITAL SANTA ROSA","og_url":"https:\/\/site.hsr.gob.pe\/?page_id=2278","og_site_name":"SITE HOSPITAL SANTA ROSA","article_modified_time":"2022-03-17T20:55:48+00:00","twitter_card":"summary_large_image","twitter_misc":{"Tiempo de lectura":"10 minutos"},"schema":{"@context":"https:\/\/schema.org","@graph":[{"@type":"WebPage","@id":"https:\/\/site.hsr.gob.pe\/?page_id=2278","url":"https:\/\/site.hsr.gob.pe\/?page_id=2278","name":"CODIV-19 - SITE HOSPITAL SANTA ROSA","isPartOf":{"@id":"https:\/\/site.hsr.gob.pe\/#website"},"datePublished":"2020-04-04T14:14:38+00:00","dateModified":"2022-03-17T20:55:48+00:00","breadcrumb":{"@id":"https:\/\/site.hsr.gob.pe\/?page_id=2278#breadcrumb"},"inLanguage":"es","potentialAction":[{"@type":"ReadAction","target":["https:\/\/site.hsr.gob.pe\/?page_id=2278"]}]},{"@type":"BreadcrumbList","@id":"https:\/\/site.hsr.gob.pe\/?page_id=2278#breadcrumb","itemListElement":[{"@type":"ListItem","position":1,"name":"Portada","item":"https:\/\/site.hsr.gob.pe\/"},{"@type":"ListItem","position":2,"name":"CODIV-19"}]},{"@type":"WebSite","@id":"https:\/\/site.hsr.gob.pe\/#website","url":"https:\/\/site.hsr.gob.pe\/","name":"SITE HOSPITAL SANTA ROSA","description":"Calidez, Ciencia y Experiencia a su Servicio","publisher":{"@id":"https:\/\/site.hsr.gob.pe\/#organization"},"potentialAction":[{"@type":"SearchAction","target":{"@type":"EntryPoint","urlTemplate":"https:\/\/site.hsr.gob.pe\/?s={search_term_string}"},"query-input":{"@type":"PropertyValueSpecification","valueRequired":true,"valueName":"search_term_string"}}],"inLanguage":"es"},{"@type":"Organization","@id":"https:\/\/site.hsr.gob.pe\/#organization","name":"Hospital Santa Rosa","url":"https:\/\/site.hsr.gob.pe\/","logo":{"@type":"ImageObject","inLanguage":"es","@id":"https:\/\/site.hsr.gob.pe\/#\/schema\/logo\/image\/","url":"https:\/\/site.hsr.gob.pe\/wp-content\/uploads\/2021\/01\/lact5-1.jpg","contentUrl":"https:\/\/site.hsr.gob.pe\/wp-content\/uploads\/2021\/01\/lact5-1.jpg","width":800,"height":414,"caption":"Hospital Santa Rosa"},"image":{"@id":"https:\/\/site.hsr.gob.pe\/#\/schema\/logo\/image\/"}}]}},"_links":{"self":[{"href":"https:\/\/site.hsr.gob.pe\/index.php?rest_route=\/wp\/v2\/pages\/2278","targetHints":{"allow":["GET"]}}],"collection":[{"href":"https:\/\/site.hsr.gob.pe\/index.php?rest_route=\/wp\/v2\/pages"}],"about":[{"href":"https:\/\/site.hsr.gob.pe\/index.php?rest_route=\/wp\/v2\/types\/page"}],"author":[{"embeddable":true,"href":"https:\/\/site.hsr.gob.pe\/index.php?rest_route=\/wp\/v2\/users\/1"}],"replies":[{"embeddable":true,"href":"https:\/\/site.hsr.gob.pe\/index.php?rest_route=%2Fwp%2Fv2%2Fcomments&post=2278"}],"version-history":[{"count":12,"href":"https:\/\/site.hsr.gob.pe\/index.php?rest_route=\/wp\/v2\/pages\/2278\/revisions"}],"predecessor-version":[{"id":6484,"href":"https:\/\/site.hsr.gob.pe\/index.php?rest_route=\/wp\/v2\/pages\/2278\/revisions\/6484"}],"wp:attachment":[{"href":"https:\/\/site.hsr.gob.pe\/index.php?rest_route=%2Fwp%2Fv2%2Fmedia&parent=2278"}],"curies":[{"name":"wp","href":"https:\/\/api.w.org\/{rel}","templated":true}]}}