{"id":1131,"date":"2019-12-06T17:00:32","date_gmt":"2019-12-06T17:00:32","guid":{"rendered":"http:\/\/192.168.0.72\/?page_id=1131"},"modified":"2024-03-20T10:33:39","modified_gmt":"2024-03-20T15:33:39","slug":"historia","status":"publish","type":"page","link":"https:\/\/site.hsr.gob.pe\/?page_id=1131","title":{"rendered":"QUIENES SOMOS?"},"content":{"rendered":"<p><div class=\"fusion-fullwidth fullwidth-box fusion-builder-row-1 nonhundred-percent-fullwidth non-hundred-percent-height-scrolling\" style=\"background-color: rgba(255,255,255,0);background-position: center center;background-repeat: no-repeat;padding-top:0px;padding-right:0px;padding-bottom:0px;padding-left:0px;margin-bottom: 0px;margin-top: 0px;border-width: 0px 0px 0px 0px;border-color:#eae9e9;border-style:solid;\" ><div class=\"fusion-builder-row fusion-row\"><div class=\"fusion-layout-column fusion_builder_column fusion-builder-column-0 fusion_builder_column_1_1 1_1 fusion-one-full fusion-column-first fusion-column-last\" style=\"margin-top:0px;margin-bottom:0px;\"><div class=\"fusion-column-wrapper fusion-flex-column-wrapper-legacy\" style=\"background-position:left top;background-repeat:no-repeat;-webkit-background-size:cover;-moz-background-size:cover;-o-background-size:cover;background-size:cover;padding: 0px 0px 0px 0px;\"><div class=\"fusion-text fusion-text-1\" style=\"transform:translate3d(0,0,0);\"><h2 class=\"sppb-addon-title\"><span style=\"color: #3bafbf;\"><span style=\"vertical-align: inherit;\"><span style=\"vertical-align: inherit;\"><span style=\"vertical-align: inherit;\"><span style=\"vertical-align: inherit;\"><span style=\"vertical-align: inherit;\"><span style=\"vertical-align: inherit;\"><span style=\"vertical-align: inherit;\"><span style=\"vertical-align: inherit;\"><span style=\"vertical-align: inherit;\"><span style=\"vertical-align: inherit;\">INSTITUCIONAL<\/span><\/span><\/span><\/span><\/span><\/span><\/span><\/span><\/span><\/span><\/span><\/h2>\n<p style=\"text-align: justify;\"><span style=\"vertical-align: inherit;\"><span style=\"vertical-align: inherit;\"><span style=\"vertical-align: inherit;\"><span style=\"vertical-align: inherit;\"><span style=\"vertical-align: inherit;\"><span style=\"vertical-align: inherit;\"><span style=\"vertical-align: inherit;\"><span style=\"vertical-align: inherit;\"><span style=\"vertical-align: inherit;\"><span style=\"vertical-align: inherit;\">El Hospital Santa Rosa fue inaugurado como centro asistencial el 26 de julio de 1956 con el nombre de \u00abCentral de Asistencia Social Santa Rosa de Lima\u00bb, durante el gobierno de la Junta Militar que presidi\u00f3 el Gral. <\/span><\/span><\/span><\/span><\/span><\/span><\/span><\/span><\/span><span style=\"vertical-align: inherit;\"><span style=\"vertical-align: inherit;\"><span style=\"vertical-align: inherit;\"><span style=\"vertical-align: inherit;\"><span style=\"vertical-align: inherit;\"><span style=\"vertical-align: inherit;\"><span style=\"vertical-align: inherit;\"><span style=\"vertical-align: inherit;\"><span style=\"vertical-align: inherit;\">Don Manuel A. Odr\u00eda. <\/span><\/span><\/span><\/span><\/span><\/span><\/span><\/span><\/span><span style=\"vertical-align: inherit;\"><span style=\"vertical-align: inherit;\"><span style=\"vertical-align: inherit;\"><span style=\"vertical-align: inherit;\"><span style=\"vertical-align: inherit;\"><span style=\"vertical-align: inherit;\"><span style=\"vertical-align: inherit;\"><span style=\"vertical-align: inherit;\"><span style=\"vertical-align: inherit;\">En su inicio, la Administraci\u00f3n y Organizaci\u00f3n estuvo a cargo de un Comit\u00e9 de Damas presidido por la esposa del Presidente de la Rep\u00fablica, Sra. <\/span><\/span><\/span><\/span><\/span><\/span><\/span><\/span><\/span><span style=\"vertical-align: inherit;\"><span style=\"vertical-align: inherit;\"><span style=\"vertical-align: inherit;\"><span style=\"vertical-align: inherit;\"><span style=\"vertical-align: inherit;\"><span style=\"vertical-align: inherit;\"><span style=\"vertical-align: inherit;\"><span style=\"vertical-align: inherit;\"><span style=\"vertical-align: inherit;\">Mar\u00eda Delgado de Odr\u00eda, que actuaba como presidente del Comit\u00e9.<\/span><\/span><\/span><\/span><\/span><\/span><\/span><\/span><\/span><\/span><\/p>\n<p><span style=\"text-align: justify;\">El Hospital Santa Rosa, fue inaugurado el 30 de agosto de 1956. En estos a\u00f1os se ha categorizado como un Hospital de III Nivel.<\/span><\/p>\n<div class=\"sppb-addon-content\">\n<div style=\"text-align: justify;\">El Hospital es una instituci\u00f3n con atenci\u00f3n descentralizada, equipamiento adecuado, de horario amplio con pr\u00e1ctica interdisciplinaria, y actividades de docencia que lo han convertido en el moderno centro hospitalario que es hoy.<\/div>\n<div><\/div>\n<div style=\"text-align: justify;\">As\u00ed, los medios de comunicaci\u00f3n reflejan con frecuencia los importantes logros alcanzados en la batalla constante por preservar la salud.\u00a0Quienes menos tienen y m\u00e1s necesitan, cualquiera sea su lugar de residencia, encuentran en el Hospital Santa Rosa respuestas efectivas y de avanzada a las m\u00e1s graves patolog\u00edas.\u00a0En los resultados del tratamiento de la mayor\u00eda de ellas no hay diferencias con los m\u00e1s importantes centros privados del pa\u00eds o del extranjero.\u00a0De esta manera, el<\/div>\n<div><\/div>\n<div style=\"text-align: justify;\">Hospital suma, una calidad t\u00e9cnica, una accesibilidad sin l\u00edmites y un alto nivel de equidad. Pero no solo es un Hospital de referencia nacional por atender a la poblaci\u00f3n de todo el pa\u00eds e incluso del extranjero, sino que cumple este distinguido rendimiento del producto de la acci\u00f3n de un recurso humano altamente capacitado y de un desarrollo cient\u00edfico y tecnol\u00f3gico sostenido. Adem\u00e1s cumple con un importante rol formador de personal de salud.<\/div>\n<\/div>\n<div style=\"text-align: justify;\">El Hospital sigue comprometido en mejorar la calidad de los servicios que brinda a la poblaci\u00f3n, implementar programas de atenci\u00f3n sanitaria eficiente e innovadores que satisfagan las necesidades de los pacientes y sus familias.<\/div>\n<\/div><div class=\"fusion-sep-clear\"><\/div><div class=\"fusion-separator fusion-full-width-sep\" style=\"margin-left: auto;margin-right: auto;width:100%;\"><div class=\"fusion-separator-border sep-double sep-solid\" style=\"border-color:#ffffff;border-top-width:1px;border-bottom-width:1px;\"><\/div><\/div><div class=\"fusion-sep-clear\"><\/div><div class=\"fusion-text fusion-text-2\" style=\"transform:translate3d(0,0,0);\"><p><a href=\"https:\/\/site.hsr.gob.pe\/?attachment_id=1511\" rel=\"attachment wp-att-1511\"><img decoding=\"async\" class=\"wp-image-1511 aligncenter\" src=\"https:\/\/site.hsr.gob.pe\/wp-content\/uploads\/2019\/12\/histo-1-300x162-1.png\" alt=\"\" width=\"1100\" height=\"200\" \/><\/a><\/p>\n<\/div><div class=\"fusion-clearfix\"><\/div><\/div><\/div><div class=\"fusion-layout-column fusion_builder_column fusion-builder-column-1 fusion_builder_column_1_2 1_2 fusion-one-half fusion-column-first\" style=\"width:50%;width:calc(50% - ( ( 4% ) * 0.5 ) );margin-right: 4%;margin-top:0px;margin-bottom:30px;\"><div class=\"fusion-column-wrapper fusion-flex-column-wrapper-legacy\" style=\"background-position:left top;background-repeat:no-repeat;-webkit-background-size:cover;-moz-background-size:cover;-o-background-size:cover;background-size:cover;padding: 0px 0px 0px 0px;\"><div class=\"fusion-clearfix\"><\/div><\/div><\/div><div class=\"fusion-layout-column fusion_builder_column fusion-builder-column-2 fusion_builder_column_1_2 1_2 fusion-one-half fusion-column-last\" style=\"width:50%;width:calc(50% - ( ( 4% ) * 0.5 ) );margin-top:0px;margin-bottom:30px;\"><div class=\"fusion-column-wrapper fusion-flex-column-wrapper-legacy\" style=\"background-position:left top;background-repeat:no-repeat;-webkit-background-size:cover;-moz-background-size:cover;-o-background-size:cover;background-size:cover;padding: 0px 0px 0px 0px;\"><div class=\"fusion-clearfix\"><\/div><\/div><\/div><\/div><\/div><div class=\"fusion-fullwidth fullwidth-box fusion-builder-row-2 fusion-flex-container nonhundred-percent-fullwidth non-hundred-percent-height-scrolling\" style=\"background-color: rgba(255,255,255,0);background-position: center center;background-repeat: no-repeat;border-width: 0px 0px 0px 0px;border-color:#eae9e9;border-style:solid;\" ><div class=\"fusion-builder-row fusion-row fusion-flex-align-items-flex-start\" style=\"max-width:1144px;margin-left: calc(-4% \/ 2 );margin-right: calc(-4% \/ 2 );\"><div class=\"fusion-layout-column fusion_builder_column fusion-builder-column-3 fusion_builder_column_1_1 1_1 fusion-flex-column\"><div class=\"fusion-column-wrapper fusion-flex-justify-content-flex-start fusion-content-layout-column\" style=\"background-position:left top;background-repeat:no-repeat;-webkit-background-size:cover;-moz-background-size:cover;-o-background-size:cover;background-size:cover;padding: 0px 0px 0px 0px;\"><\/div><\/div><style type=\"text\/css\">.fusion-body .fusion-builder-column-3{width:100% !important;margin-top : 0px;margin-bottom : 30px;}.fusion-builder-column-3 > .fusion-column-wrapper {padding-top : 0px !important;padding-right : 0px !important;margin-right : 1.92%;padding-bottom : 0px !important;padding-left : 0px !important;margin-left : 1.92%;}@media only screen and (max-width:1024px) {.fusion-body .fusion-builder-column-3{width:100% !important;order : 0;}.fusion-builder-column-3 > .fusion-column-wrapper {margin-right : 1.92%;margin-left : 1.92%;}}@media only screen and (max-width:640px) {.fusion-body .fusion-builder-column-3{width:100% !important;order : 0;}.fusion-builder-column-3 > .fusion-column-wrapper {margin-right : 1.92%;margin-left : 1.92%;}}<\/style><\/div><style type=\"text\/css\">.fusion-body .fusion-flex-container.fusion-builder-row-2{ padding-top : 0px;margin-top : 0px;padding-right : 0px;padding-bottom : 0px;margin-bottom : 0px;padding-left : 0px;}<\/style><\/div><div class=\"fusion-fullwidth fullwidth-box fusion-builder-row-3 fusion-flex-container nonhundred-percent-fullwidth non-hundred-percent-height-scrolling\" style=\"background-color: rgba(255,255,255,0);background-position: center center;background-repeat: no-repeat;border-width: 0px 0px 0px 0px;border-color:#eae9e9;border-style:solid;\" ><div class=\"fusion-builder-row fusion-row fusion-flex-align-items-flex-start\" style=\"max-width:1144px;margin-left: calc(-4% \/ 2 );margin-right: calc(-4% \/ 2 );\"><div class=\"fusion-layout-column fusion_builder_column fusion-builder-column-4 fusion_builder_column_1_1 1_1 fusion-flex-column\"><div class=\"fusion-column-wrapper fusion-flex-justify-content-flex-start fusion-content-layout-column\" style=\"background-position:left top;background-repeat:no-repeat;-webkit-background-size:cover;-moz-background-size:cover;-o-background-size:cover;background-size:cover;padding: 0px 0px 0px 0px;\"><div ><span class=\" fusion-imageframe imageframe-none imageframe-1 hover-type-none\"><img decoding=\"async\" width=\"3555\" height=\"37\" title=\"lineax2-1\" src=\"https:\/\/site.hsr.gob.pe\/wp-content\/uploads\/2022\/04\/lineax2-1.png\" class=\"img-responsive wp-image-6827\"\/><\/span><\/div><\/div><\/div><style type=\"text\/css\">.fusion-body .fusion-builder-column-4{width:100% !important;margin-top : 0px;margin-bottom : 30px;}.fusion-builder-column-4 > .fusion-column-wrapper {padding-top : 0px !important;padding-right : 0px !important;margin-right : 1.92%;padding-bottom : 0px !important;padding-left : 0px !important;margin-left : 1.92%;}@media only screen and (max-width:1024px) {.fusion-body .fusion-builder-column-4{width:100% !important;order : 0;}.fusion-builder-column-4 > .fusion-column-wrapper {margin-right : 1.92%;margin-left : 1.92%;}}@media only screen and (max-width:640px) {.fusion-body .fusion-builder-column-4{width:100% !important;order : 0;}.fusion-builder-column-4 > .fusion-column-wrapper {margin-right : 1.92%;margin-left : 1.92%;}}<\/style><\/div><style type=\"text\/css\">.fusion-body .fusion-flex-container.fusion-builder-row-3{ padding-top : 0px;margin-top : 0px;padding-right : 0px;padding-bottom : 0px;margin-bottom : 0px;padding-left : 0px;}<\/style><\/div><\/p>\n<div class=\"pvc_clear\"><\/div>\n<p id=\"pvc_stats_1131\" class=\"pvc_stats all  \" data-element-id=\"1131\" style=\"\"><i class=\"pvc-stats-icon medium\" aria-hidden=\"true\"><svg aria-hidden=\"true\" focusable=\"false\" data-prefix=\"far\" data-icon=\"chart-bar\" role=\"img\" xmlns=\"http:\/\/www.w3.org\/2000\/svg\" viewBox=\"0 0 512 512\" class=\"svg-inline--fa fa-chart-bar fa-w-16 fa-2x\"><path fill=\"currentColor\" d=\"M396.8 352h22.4c6.4 0 12.8-6.4 12.8-12.8V108.8c0-6.4-6.4-12.8-12.8-12.8h-22.4c-6.4 0-12.8 6.4-12.8 12.8v230.4c0 6.4 6.4 12.8 12.8 12.8zm-192 0h22.4c6.4 0 12.8-6.4 12.8-12.8V140.8c0-6.4-6.4-12.8-12.8-12.8h-22.4c-6.4 0-12.8 6.4-12.8 12.8v198.4c0 6.4 6.4 12.8 12.8 12.8zm96 0h22.4c6.4 0 12.8-6.4 12.8-12.8V204.8c0-6.4-6.4-12.8-12.8-12.8h-22.4c-6.4 0-12.8 6.4-12.8 12.8v134.4c0 6.4 6.4 12.8 12.8 12.8zM496 400H48V80c0-8.84-7.16-16-16-16H16C7.16 64 0 71.16 0 80v336c0 17.67 14.33 32 32 32h464c8.84 0 16-7.16 16-16v-16c0-8.84-7.16-16-16-16zm-387.2-48h22.4c6.4 0 12.8-6.4 12.8-12.8v-70.4c0-6.4-6.4-12.8-12.8-12.8h-22.4c-6.4 0-12.8 6.4-12.8 12.8v70.4c0 6.4 6.4 12.8 12.8 12.8z\" class=\"\"><\/path><\/svg><\/i> <img decoding=\"async\" width=\"16\" height=\"16\" alt=\"Loading\" src=\"https:\/\/site.hsr.gob.pe\/wp-content\/plugins\/page-views-count\/ajax-loader-2x.gif\" border=0 \/><\/p>\n<div class=\"pvc_clear\"><\/div>\n","protected":false},"excerpt":{"rendered":"<div class=\"pvc_clear\"><\/div>\n<p id=\"pvc_stats_1131\" class=\"pvc_stats all  \" data-element-id=\"1131\" style=\"\"><i class=\"pvc-stats-icon medium\" aria-hidden=\"true\"><svg aria-hidden=\"true\" focusable=\"false\" data-prefix=\"far\" data-icon=\"chart-bar\" role=\"img\" xmlns=\"http:\/\/www.w3.org\/2000\/svg\" viewBox=\"0 0 512 512\" class=\"svg-inline--fa fa-chart-bar fa-w-16 fa-2x\"><path fill=\"currentColor\" d=\"M396.8 352h22.4c6.4 0 12.8-6.4 12.8-12.8V108.8c0-6.4-6.4-12.8-12.8-12.8h-22.4c-6.4 0-12.8 6.4-12.8 12.8v230.4c0 6.4 6.4 12.8 12.8 12.8zm-192 0h22.4c6.4 0 12.8-6.4 12.8-12.8V140.8c0-6.4-6.4-12.8-12.8-12.8h-22.4c-6.4 0-12.8 6.4-12.8 12.8v198.4c0 6.4 6.4 12.8 12.8 12.8zm96 0h22.4c6.4 0 12.8-6.4 12.8-12.8V204.8c0-6.4-6.4-12.8-12.8-12.8h-22.4c-6.4 0-12.8 6.4-12.8 12.8v134.4c0 6.4 6.4 12.8 12.8 12.8zM496 400H48V80c0-8.84-7.16-16-16-16H16C7.16 64 0 71.16 0 80v336c0 17.67 14.33 32 32 32h464c8.84 0 16-7.16 16-16v-16c0-8.84-7.16-16-16-16zm-387.2-48h22.4c6.4 0 12.8-6.4 12.8-12.8v-70.4c0-6.4-6.4-12.8-12.8-12.8h-22.4c-6.4 0-12.8 6.4-12.8 12.8v70.4c0 6.4 6.4 12.8 12.8 12.8z\" class=\"\"><\/path><\/svg><\/i> <img decoding=\"async\" width=\"16\" height=\"16\" alt=\"Loading\" src=\"https:\/\/site.hsr.gob.pe\/wp-content\/plugins\/page-views-count\/ajax-loader-2x.gif\" border=0 \/><\/p>\n<div class=\"pvc_clear\"><\/div>\n","protected":false},"author":1,"featured_media":0,"parent":0,"menu_order":0,"comment_status":"closed","ping_status":"closed","template":"","meta":{"footnotes":""},"class_list":["post-1131","page","type-page","status-publish","hentry"],"yoast_head":"<!-- This site is optimized with the Yoast SEO plugin v27.3 - https:\/\/yoast.com\/product\/yoast-seo-wordpress\/ -->\n<title>QUIENES SOMOS? - SITE HOSPITAL SANTA ROSA<\/title>\n<meta name=\"robots\" content=\"index, follow, max-snippet:-1, max-image-preview:large, max-video-preview:-1\" \/>\n<link rel=\"canonical\" href=\"https:\/\/site.hsr.gob.pe\/?page_id=1131\" \/>\n<meta property=\"og:locale\" content=\"es_ES\" \/>\n<meta property=\"og:type\" content=\"article\" \/>\n<meta property=\"og:title\" content=\"QUIENES SOMOS? - SITE HOSPITAL SANTA ROSA\" \/>\n<meta property=\"og:url\" content=\"https:\/\/site.hsr.gob.pe\/?page_id=1131\" \/>\n<meta property=\"og:site_name\" content=\"SITE HOSPITAL SANTA ROSA\" \/>\n<meta property=\"article:modified_time\" content=\"2024-03-20T15:33:39+00:00\" \/>\n<meta property=\"og:image\" content=\"https:\/\/site.hsr.gob.pe\/wp-content\/uploads\/2019\/12\/histo-1-300x162-1.png\" \/>\n<meta name=\"twitter:card\" content=\"summary_large_image\" \/>\n<meta name=\"twitter:label1\" content=\"Tiempo de lectura\" \/>\n\t<meta name=\"twitter:data1\" content=\"6 minutos\" \/>\n<script type=\"application\/ld+json\" class=\"yoast-schema-graph\">{\"@context\":\"https:\\\/\\\/schema.org\",\"@graph\":[{\"@type\":\"WebPage\",\"@id\":\"https:\\\/\\\/site.hsr.gob.pe\\\/?page_id=1131\",\"url\":\"https:\\\/\\\/site.hsr.gob.pe\\\/?page_id=1131\",\"name\":\"QUIENES SOMOS? - SITE HOSPITAL SANTA ROSA\",\"isPartOf\":{\"@id\":\"https:\\\/\\\/site.hsr.gob.pe\\\/#website\"},\"primaryImageOfPage\":{\"@id\":\"https:\\\/\\\/site.hsr.gob.pe\\\/?page_id=1131#primaryimage\"},\"image\":{\"@id\":\"https:\\\/\\\/site.hsr.gob.pe\\\/?page_id=1131#primaryimage\"},\"thumbnailUrl\":\"https:\\\/\\\/site.hsr.gob.pe\\\/wp-content\\\/uploads\\\/2019\\\/12\\\/histo-1-300x162-1.png\",\"datePublished\":\"2019-12-06T17:00:32+00:00\",\"dateModified\":\"2024-03-20T15:33:39+00:00\",\"breadcrumb\":{\"@id\":\"https:\\\/\\\/site.hsr.gob.pe\\\/?page_id=1131#breadcrumb\"},\"inLanguage\":\"es\",\"potentialAction\":[{\"@type\":\"ReadAction\",\"target\":[\"https:\\\/\\\/site.hsr.gob.pe\\\/?page_id=1131\"]}]},{\"@type\":\"ImageObject\",\"inLanguage\":\"es\",\"@id\":\"https:\\\/\\\/site.hsr.gob.pe\\\/?page_id=1131#primaryimage\",\"url\":\"https:\\\/\\\/site.hsr.gob.pe\\\/wp-content\\\/uploads\\\/2019\\\/12\\\/histo-1-300x162-1.png\",\"contentUrl\":\"https:\\\/\\\/site.hsr.gob.pe\\\/wp-content\\\/uploads\\\/2019\\\/12\\\/histo-1-300x162-1.png\",\"width\":300,\"height\":162},{\"@type\":\"BreadcrumbList\",\"@id\":\"https:\\\/\\\/site.hsr.gob.pe\\\/?page_id=1131#breadcrumb\",\"itemListElement\":[{\"@type\":\"ListItem\",\"position\":1,\"name\":\"Portada\",\"item\":\"https:\\\/\\\/site.hsr.gob.pe\\\/\"},{\"@type\":\"ListItem\",\"position\":2,\"name\":\"QUIENES SOMOS?\"}]},{\"@type\":\"WebSite\",\"@id\":\"https:\\\/\\\/site.hsr.gob.pe\\\/#website\",\"url\":\"https:\\\/\\\/site.hsr.gob.pe\\\/\",\"name\":\"SITE HOSPITAL SANTA ROSA\",\"description\":\"Calidez, Ciencia y Experiencia a su Servicio\",\"publisher\":{\"@id\":\"https:\\\/\\\/site.hsr.gob.pe\\\/#organization\"},\"potentialAction\":[{\"@type\":\"SearchAction\",\"target\":{\"@type\":\"EntryPoint\",\"urlTemplate\":\"https:\\\/\\\/site.hsr.gob.pe\\\/?s={search_term_string}\"},\"query-input\":{\"@type\":\"PropertyValueSpecification\",\"valueRequired\":true,\"valueName\":\"search_term_string\"}}],\"inLanguage\":\"es\"},{\"@type\":\"Organization\",\"@id\":\"https:\\\/\\\/site.hsr.gob.pe\\\/#organization\",\"name\":\"Hospital Santa Rosa\",\"url\":\"https:\\\/\\\/site.hsr.gob.pe\\\/\",\"logo\":{\"@type\":\"ImageObject\",\"inLanguage\":\"es\",\"@id\":\"https:\\\/\\\/site.hsr.gob.pe\\\/#\\\/schema\\\/logo\\\/image\\\/\",\"url\":\"https:\\\/\\\/site.hsr.gob.pe\\\/wp-content\\\/uploads\\\/2021\\\/01\\\/lact5-1.jpg\",\"contentUrl\":\"https:\\\/\\\/site.hsr.gob.pe\\\/wp-content\\\/uploads\\\/2021\\\/01\\\/lact5-1.jpg\",\"width\":800,\"height\":414,\"caption\":\"Hospital Santa Rosa\"},\"image\":{\"@id\":\"https:\\\/\\\/site.hsr.gob.pe\\\/#\\\/schema\\\/logo\\\/image\\\/\"}}]}<\/script>\n<!-- \/ Yoast SEO plugin. -->","yoast_head_json":{"title":"QUIENES SOMOS? - SITE HOSPITAL SANTA ROSA","robots":{"index":"index","follow":"follow","max-snippet":"max-snippet:-1","max-image-preview":"max-image-preview:large","max-video-preview":"max-video-preview:-1"},"canonical":"https:\/\/site.hsr.gob.pe\/?page_id=1131","og_locale":"es_ES","og_type":"article","og_title":"QUIENES SOMOS? - SITE HOSPITAL SANTA ROSA","og_url":"https:\/\/site.hsr.gob.pe\/?page_id=1131","og_site_name":"SITE HOSPITAL SANTA ROSA","article_modified_time":"2024-03-20T15:33:39+00:00","og_image":[{"url":"https:\/\/site.hsr.gob.pe\/wp-content\/uploads\/2019\/12\/histo-1-300x162-1.png","type":"","width":"","height":""}],"twitter_card":"summary_large_image","twitter_misc":{"Tiempo de lectura":"6 minutos"},"schema":{"@context":"https:\/\/schema.org","@graph":[{"@type":"WebPage","@id":"https:\/\/site.hsr.gob.pe\/?page_id=1131","url":"https:\/\/site.hsr.gob.pe\/?page_id=1131","name":"QUIENES SOMOS? - SITE HOSPITAL SANTA ROSA","isPartOf":{"@id":"https:\/\/site.hsr.gob.pe\/#website"},"primaryImageOfPage":{"@id":"https:\/\/site.hsr.gob.pe\/?page_id=1131#primaryimage"},"image":{"@id":"https:\/\/site.hsr.gob.pe\/?page_id=1131#primaryimage"},"thumbnailUrl":"https:\/\/site.hsr.gob.pe\/wp-content\/uploads\/2019\/12\/histo-1-300x162-1.png","datePublished":"2019-12-06T17:00:32+00:00","dateModified":"2024-03-20T15:33:39+00:00","breadcrumb":{"@id":"https:\/\/site.hsr.gob.pe\/?page_id=1131#breadcrumb"},"inLanguage":"es","potentialAction":[{"@type":"ReadAction","target":["https:\/\/site.hsr.gob.pe\/?page_id=1131"]}]},{"@type":"ImageObject","inLanguage":"es","@id":"https:\/\/site.hsr.gob.pe\/?page_id=1131#primaryimage","url":"https:\/\/site.hsr.gob.pe\/wp-content\/uploads\/2019\/12\/histo-1-300x162-1.png","contentUrl":"https:\/\/site.hsr.gob.pe\/wp-content\/uploads\/2019\/12\/histo-1-300x162-1.png","width":300,"height":162},{"@type":"BreadcrumbList","@id":"https:\/\/site.hsr.gob.pe\/?page_id=1131#breadcrumb","itemListElement":[{"@type":"ListItem","position":1,"name":"Portada","item":"https:\/\/site.hsr.gob.pe\/"},{"@type":"ListItem","position":2,"name":"QUIENES SOMOS?"}]},{"@type":"WebSite","@id":"https:\/\/site.hsr.gob.pe\/#website","url":"https:\/\/site.hsr.gob.pe\/","name":"SITE HOSPITAL SANTA ROSA","description":"Calidez, Ciencia y Experiencia a su Servicio","publisher":{"@id":"https:\/\/site.hsr.gob.pe\/#organization"},"potentialAction":[{"@type":"SearchAction","target":{"@type":"EntryPoint","urlTemplate":"https:\/\/site.hsr.gob.pe\/?s={search_term_string}"},"query-input":{"@type":"PropertyValueSpecification","valueRequired":true,"valueName":"search_term_string"}}],"inLanguage":"es"},{"@type":"Organization","@id":"https:\/\/site.hsr.gob.pe\/#organization","name":"Hospital Santa Rosa","url":"https:\/\/site.hsr.gob.pe\/","logo":{"@type":"ImageObject","inLanguage":"es","@id":"https:\/\/site.hsr.gob.pe\/#\/schema\/logo\/image\/","url":"https:\/\/site.hsr.gob.pe\/wp-content\/uploads\/2021\/01\/lact5-1.jpg","contentUrl":"https:\/\/site.hsr.gob.pe\/wp-content\/uploads\/2021\/01\/lact5-1.jpg","width":800,"height":414,"caption":"Hospital Santa Rosa"},"image":{"@id":"https:\/\/site.hsr.gob.pe\/#\/schema\/logo\/image\/"}}]}},"_links":{"self":[{"href":"https:\/\/site.hsr.gob.pe\/index.php?rest_route=\/wp\/v2\/pages\/1131","targetHints":{"allow":["GET"]}}],"collection":[{"href":"https:\/\/site.hsr.gob.pe\/index.php?rest_route=\/wp\/v2\/pages"}],"about":[{"href":"https:\/\/site.hsr.gob.pe\/index.php?rest_route=\/wp\/v2\/types\/page"}],"author":[{"embeddable":true,"href":"https:\/\/site.hsr.gob.pe\/index.php?rest_route=\/wp\/v2\/users\/1"}],"replies":[{"embeddable":true,"href":"https:\/\/site.hsr.gob.pe\/index.php?rest_route=%2Fwp%2Fv2%2Fcomments&post=1131"}],"version-history":[{"count":10,"href":"https:\/\/site.hsr.gob.pe\/index.php?rest_route=\/wp\/v2\/pages\/1131\/revisions"}],"predecessor-version":[{"id":6498,"href":"https:\/\/site.hsr.gob.pe\/index.php?rest_route=\/wp\/v2\/pages\/1131\/revisions\/6498"}],"wp:attachment":[{"href":"https:\/\/site.hsr.gob.pe\/index.php?rest_route=%2Fwp%2Fv2%2Fmedia&parent=1131"}],"curies":[{"name":"wp","href":"https:\/\/api.w.org\/{rel}","templated":true}]}}